{"id":32670,"date":"2025-02-04T14:06:42","date_gmt":"2025-02-04T13:06:42","guid":{"rendered":"https:\/\/vip-auktionen.de\/product\/s-t-dupont-streamline-r-kugelschreiber-ceramium-act-palladium-stylo-bille-pen-2\/"},"modified":"2025-09-05T17:17:08","modified_gmt":"2025-09-05T15:17:08","slug":"s-t-dupont-streamline-r-kugelschreiber-ceramium-act-palladium-stylo-bille-pen-2","status":"publish","type":"product","link":"https:\/\/vip-auktionen.de\/en\/product\/s-t-dupont-streamline-r-kugelschreiber-ceramium-act-palladium-stylo-bille-pen-2\/","title":{"rendered":"S.T. DUPONT STREAMLINE R KUGELSCHREIBER CERAMIUM ACT &amp; PALLADIUM STYLO BILLE PEN"},"content":{"rendered":"<p>     Willkommen bei VIP Auktionen                                                 Herzlich Willkommen bei VIP-AUKTIONEN. Besuchen Sie unseren     Shop st\u00e4ndig interessante Angebote zu fairen Konditionen.                Welcome to VIP-AUKTIONEN. Visit our      shop constantly interesting offers at fair conditions.                              &nbsp;  &nbsp;    Kontakt  Contact  Shop               S.T. DUPONT BALLPOINT PENSTREAMLINE-R CERAMIUM ACTBRUSHED PALLADIUM \/ 255574  <P class=MsoNormal style=\"TEXT-ALIGN: center; MARGIN: 0cm 0cm 4pt; mso-margin-top-alt: auto; mso-margin-bottom-alt: auto\" align=center>ORIGINALS.T.DupontPARIS\u201cStreamline-R Edition\u201d&nbsp;<\/P> <P class=MsoNormal style=\"TEXT-ALIGN: center; MARGIN: 0cm 0cm 10pt; LINE-HEIGHT: 12pt\" align=center>Ein eleganter und zeitloser Luxus,ein exklusives Schreibger\u00e4t derNobelmarke S.T. Dupont<\/P> <P class=MsoNormal style=\"TEXT-ALIGN: center; MARGIN: 0cm 0cm 10pt; LINE-HEIGHT: 12pt\" align=center>S.T. Dupont Streamline-R EditionS.T.Dupont kombiniert franz\u00f6sische Exzellenzmit dem legend\u00e4ren amerikanischen Designder 1930er Jahren, um diese luxuri\u00f6seStiftserie zu kreieren. Streamline-R,gefertigt aus einem einzigartigen undrevolution\u00e4ren Material (Ceramium A.C.T)und mit geb\u00fcrstetem Palladium beschichtet,ist perfekt ausbalanciert f\u00fcr ein pr\u00e4zises,angenehmes und schnelles Schreiberlebnis.Die geschwungenen Linien des Streamline-RKugelschreibers sind von der aerodynamischenTropfenform inspiriert, die das amerikanischeIndustriedesign in den 1930er Jahren f\u00fcr immerver\u00e4nderte. Aerodynamisch und leistungsstark;Dieser elegante Kugelschreiber greift dieFormen der Automobile aus dieser Zeit aufund tr\u00e4gt S.T.Dupont Signatur auf dem Clip.Dieses unverwechselbare Schreibger\u00e4tist ein perfektes Geschenk und wird miteinem vom Auto inspirierten Stifthalter ingl\u00e4nzendem schwarzem Lack pr\u00e4sentiert.Streamline-R KollektionDieStreamline-R Kollektion wird in mattemSchwarz, oder Metallic-Grau mit platiniertenAkzenten angeboten und ist als Kugelschreiber,Tintenroller und als F\u00fcllfederhalter mit Dupontsluxuri\u00f6ser 14-kar\u00e4tiger Goldfeder erh\u00e4ltlich.Die Kollektion tr\u00e4gt das Markenzeichen \u201eD\u201cauf dem Clip und setzt S.T. Duponts Traditionder Eleganz fort, w\u00e4hrend sie ihren eigenenCharakter aus dem Streamline-Stil behauptet.Das innovative Material \u201eCeramium ACT\u201c isteine dezente Mischung aus Keramik undAluminium von ST.Dupont und idealf\u00fcr diese Kollektiongeeignet.<\/P> <P class=MsoNormal style=\"TEXT-ALIGN: center; MARGIN: 0cm 0cm 4pt; mso-margin-top-alt: auto; mso-margin-bottom-alt: auto\" align=center>Details<\/P> <P class=MsoNormal style=\"MARGIN: 0cm 0cm 4pt; mso-margin-top-alt: auto; mso-margin-bottom-alt: auto\">\u2022 Inspiriert vom aerodynamischen \u201eTeardrop\u201c-Industriedesign<\/P> <P class=MsoNormal style=\"MARGIN: 0cm 0cm 4pt; mso-margin-top-alt: auto; mso-margin-bottom-alt: auto\">\u2022 Hergestellt aus einem revolution\u00e4ren Material (Ceramium ACT &#8211; Advanced Ceramium Technology)<\/P> <P class=MsoNormal style=\"MARGIN: 0cm 0cm 4pt; mso-margin-top-alt: auto; mso-margin-bottom-alt: auto\">\u2022 Ultraleicht &#8211; 40% leichter als andere S.T.Dupont Stifte <\/P> <P class=MsoNormal style=\"MARGIN: 0cm 0cm 4pt; mso-margin-top-alt: auto; mso-margin-bottom-alt: auto\">\u2022 Das einzigartige Klipp-System, das perfekten Halt in Hemden und Jackentaschen garantiert.<\/P> <P class=MsoNormal style=\"MARGIN: 0cm 0cm 4pt; mso-margin-top-alt: auto; mso-margin-bottom-alt: auto\">\u2022 Mit dem Markenzeichen D auf dem Clip<\/P> <P class=MsoNormal style=\"MARGIN: 0cm 0cm 4pt; mso-margin-top-alt: auto; mso-margin-bottom-alt: auto\">\u2022 Jeder Stift wird mit einem einzigartigen autof\u00f6rmigen Schreibtischhalter in gl\u00e4nzendem schwarzem Lack pr\u00e4sentiert<\/P> <P class=MsoNormal style=\"TEXT-ALIGN: center; MARGIN: 0cm 0cm 10pt\" align=center>Zustand &#8211; NEU &amp; OVPDas von Meisterhand gefertigte Schreibger\u00e4t wirdinkl. Original Box mit edlem Stifthalter angeboten<\/P>        Lieferumfang   <\/p>\n<p>Es wird genau das abgebildete Objekt mit dem abgebildeten Zubeh\u00f6r geliefert.   Bedienungsanleitungen, Papiere, Revisionsnachweise, Uhren- oder Schmuckboxen sind nur dann im Lieferumfang enthalten,  wenn sie in der Beschreibung genannt bzw. abgebildet sind.  <\/p>\n<p>        Bilder   <\/p>\n<p>Alle Fotos wurden von unserem Fotograph aufgenommen.   Die Verwendung der durch uns ver\u00f6ffentlichten Bilder ist ohne unsere Genehmigung untersagt.   Unsere Bilder sind sichtbar und unsichtbar gekennzeichnet.   Zuwiderhandlung wird rechtlich verfolgt.  <\/p>\n<p>     \u00dcber uns  <\/p>\n<p>VIP-Auktionen ist seit vielen Jahren ein spezialisiertes Unternehmen f\u00fcr den Verkauf von Luxusaccessoires,   hochwertigen Schreibger\u00e4ten, noblen Uhren und Markenschmuck.   Wir versuchen Ihnen st\u00e4ndig interessante und seltene Objekte anzubieten.   In unserem Shop   finden Sie ausgesuchte und wertvolle Schmuckst\u00fccke, exklusive Uhren, limitierte Schreibger\u00e4te, seltene Lederaccessoires zu attraktiven Preisen.   Wir verkaufen ausschlie\u00dflich originale und gepr\u00fcfte Markenartikel und Sammlerst\u00fccke.   Unsere zahlreichen Kunden haben das durch Ihre Bewertungen und Kundentreue schon best\u00e4tigt.  <\/p>\n<p>          Ein Plus an Service    <\/p>\n<p>VIP-Auktionen &#8211; ist ein gepr\u00fcftes Mitglied mit Top-Bewertungen und bietet Ihnen ein hohes Ma\u00df an Professionalit\u00e4t und Kundenn\u00e4he.   Das bedeutet u.a. gepr\u00fcfte Serviceleistung, exzellente K\u00e4uferbewertungen, schnelle Lieferung und professionelle Kommunikation.  Unser Bewertungsprofil ist ein Barometer der Kundenzufriedenheit.  Wir versuchen den angegebenen Artikel so genau wie m\u00f6glich zu beschreiben.   Sollten Sie dennoch mit dem ersteigerten Artikel unzufrieden sein, kontaktieren Sie uns bitte, denn f\u00fcr jedes Problem gibt es eine L\u00f6sung.  <\/p>\n<p>        Ankauf \/ Inzahlungnahme \/ Tausch   <\/p>\n<p>Sie haben besondere St\u00fccke die Sie in gute H\u00e4nde geben m\u00f6chten? Wir sind stets am Ankauf von hochwertigen Accessoires Uhren und Schmuck interessiert.   Wir kaufen Einzelst\u00fccke sowie Ihre gesamte Sammlung.   Wir bieten Ihnen auch eine Inzahlungnahme an.   Scans digitale Fotos oder andere hilfreiche Informationen sind sehr willkommen.   <\/p>\n<p>        Lieferungs- und Zahlungsinformationen    Bezahlung   <\/p>\n<p>Wir bevorzugen Bank\u00fcberweisung, aber akzeptieren auch Zahlungen via PayPal.   Unsere Bankverbindung ist bei Ebay hinterlegt und wird auf Anfrage umgehend mitgeteilt.   F\u00fcr eine schnellstm\u00f6gliche Abwicklung, k\u00f6nnen Sie unsere Kontodaten sofort nach dem Angebotsende in der Kaufabwicklung,  oder in der von eBay verschickten Abschluss-E-Mail einsehen.   Wollen Sie die Kaufabwicklung von eBay nicht nutzen, schreiben Sie uns bitte eine E-Mail um die Kontodaten zu erfahren.  Wir m\u00f6chten Sie bitten den gekauften Artikel innerhalb von 10 Tagen zu bezahlen.  <\/p>\n<p>    Lieferung   <\/p>\n<p>Sofort nach Zahlungseingang liefern wir die Ware mit dem Paketdienst deutschlandweit innerhalb 1-3 Tagen.   (Feiertage &#038; Wochenende ausgeschlossen). Bitte beachten Sie, dass eine \u00dcberweisung je nach Bankinstitut bis zu 2 Werktage dauern kann.   Wir k\u00f6nnen erst dann den Versand steuern, wenn wir den Geldeingang verbucht haben.  Hochwertige Ware befindet sich in einem gesicherten Lager, so dass sich der Versand um ca. 24 Stunden verz\u00f6gert.  <\/p>\n<p>          Besichtigung   <\/p>\n<p>Da sich die Ware in sicherer Verwahrung befindet, ist eine Besichtigung ohne vorheriger Absprache nicht m\u00f6glich.<\/p>\n<p>        Link zu OS-Plattform der EU   <\/p>\n<p>Die Europ\u00e4ische Kommission stellt eine Plattform f\u00fcr die au\u00dfergerichtliche Online-Streitbeilegung (OS-Plattform) bereit,   die unter: ec.europa.eu\/consumers\/odr aufrufbar ist.   Unsere E-Mail-Adresse finden Sie in unserem Impressum. Wir sind weder verpflichtet noch bereit,   an dem Streitschlichtungsverfahren teilzunehmen.  <\/p>\n<p>                     S.T. DUPONT BALLPOINT PENEDITION: STREAMLINE-RNEW + DESK HOLDER  <P class=MsoNormal style=\"TEXT-ALIGN: center; MARGIN: 0cm 0cm 4pt; mso-margin-top-alt: auto; mso-margin-bottom-alt: auto\" align=center>ORIGINALS.T.DupontPARISS.T. Dupont Streamline-R Edition<\/P> <P class=MsoNormal style=\"TEXT-ALIGN: center; MARGIN: 0cm 0cm 12pt\" align=center>&nbsp;<\/P> <P class=MsoNormal style=\"TEXT-ALIGN: center; MARGIN: 0cm 0cm 10pt; LINE-HEIGHT: 12pt\" align=center>An elegant and timelessluxury, an exclusive penNobel-Brand S.T. DupontS.T. Dupont Streamline-R<\/P> <P class=MsoNormal style=\"TEXT-ALIGN: center; MARGIN: 0cm 0cm 8pt; LINE-HEIGHT: 12pt\" align=center>S.T. Dupont has combined French excellence<\/P> <P class=MsoNormal style=\"TEXT-ALIGN: center; MARGIN: 0cm 0cm 8pt; LINE-HEIGHT: 12pt\" align=center>with legendary 1930s\u2019 American design to<\/P> <P class=MsoNormal style=\"TEXT-ALIGN: center; MARGIN: 0cm 0cm 8pt; LINE-HEIGHT: 12pt\" align=center>create a new luxury pen: the Streamline-R.<\/P> <P class=MsoNormal style=\"TEXT-ALIGN: center; MARGIN: 0cm 0cm 8pt; LINE-HEIGHT: 12pt\" align=center>Sure to thrill connoisseurs of art and the<\/P> <P class=MsoNormal style=\"TEXT-ALIGN: center; MARGIN: 0cm 0cm 8pt; LINE-HEIGHT: 12pt\" align=center>art of writing, the collection combines a<\/P> <P class=MsoNormal style=\"TEXT-ALIGN: center; MARGIN: 0cm 0cm 8pt; LINE-HEIGHT: 12pt\" align=center>revolutionary material (ceramium ACT \u2013<\/P> <P class=MsoNormal style=\"TEXT-ALIGN: center; MARGIN: 0cm 0cm 8pt; LINE-HEIGHT: 12pt\" align=center>advanced ceramium technology) with the<\/P> <P class=MsoNormal style=\"TEXT-ALIGN: center; MARGIN: 0cm 0cm 8pt; LINE-HEIGHT: 12pt\" align=center>distinctive style of Streamline, the movement<\/P> <P class=MsoNormal style=\"TEXT-ALIGN: center; MARGIN: 0cm 0cm 8pt; LINE-HEIGHT: 12pt\" align=center>which forever changed American industrial<\/P> <P class=MsoNormal style=\"TEXT-ALIGN: center; MARGIN: 0cm 0cm 8pt; LINE-HEIGHT: 12pt\" align=center>design. Inspired by the aerodynamic \u2018teardrop\u2019<\/P> <P class=MsoNormal style=\"TEXT-ALIGN: center; MARGIN: 0cm 0cm 8pt; LINE-HEIGHT: 12pt\" align=center>shape, engineers produced airplanes, cars,<\/P> <P class=MsoNormal style=\"TEXT-ALIGN: center; MARGIN: 0cm 0cm 8pt; LINE-HEIGHT: 12pt\" align=center>machinery and appliances that were sleek in<\/P> <P class=MsoNormal style=\"TEXT-ALIGN: center; MARGIN: 0cm 0cm 8pt; LINE-HEIGHT: 12pt\" align=center>form and powerful in appearance. The curved and<\/P> <P class=MsoNormal style=\"TEXT-ALIGN: center; MARGIN: 0cm 0cm 8pt; LINE-HEIGHT: 12pt\" align=center>sculpted profile of the S.T. Dupont Streamline-R<\/P> <P class=MsoNormal style=\"TEXT-ALIGN: center; MARGIN: 0cm 0cm 8pt; LINE-HEIGHT: 12pt\" align=center>pens evokes this style, providing the ultimate<\/P> <P class=MsoNormal style=\"TEXT-ALIGN: center; MARGIN: 0cm 0cm 8pt; LINE-HEIGHT: 12pt\" align=center>in writing pleasure and comfort. Dupont\u2019s<\/P> <P class=MsoNormal style=\"TEXT-ALIGN: center; MARGIN: 0cm 0cm 8pt; LINE-HEIGHT: 12pt\" align=center>innovative Ceramium ACT is ideally suited to<\/P> <P class=MsoNormal style=\"TEXT-ALIGN: center; MARGIN: 0cm 0cm 8pt; LINE-HEIGHT: 12pt\" align=center>this innovative collection. S.T. Dupont constantly<\/P> <P class=MsoNormal style=\"TEXT-ALIGN: center; MARGIN: 0cm 0cm 8pt; LINE-HEIGHT: 12pt\" align=center>develops materials and technologies which<\/P> <P class=MsoNormal style=\"TEXT-ALIGN: center; MARGIN: 0cm 0cm 8pt; LINE-HEIGHT: 12pt\" align=center>achieve benchmark status in the luxury goods<\/P> <P class=MsoNormal style=\"TEXT-ALIGN: center; MARGIN: 0cm 0cm 8pt; LINE-HEIGHT: 12pt\" align=center>sector. The lightness and sturdiness of Ceramium<\/P> <P class=MsoNormal style=\"TEXT-ALIGN: center; MARGIN: 0cm 0cm 8pt; LINE-HEIGHT: 12pt\" align=center>ACT, a subtle blend of ceramic and aluminium, will<\/P> <P class=MsoNormal style=\"TEXT-ALIGN: center; MARGIN: 0cm 0cm 8pt; LINE-HEIGHT: 12pt\" align=center>delight you with its looks as well as its strength<\/P> <P class=MsoNormal style=\"TEXT-ALIGN: center; MARGIN: 0cm 0cm 8pt; LINE-HEIGHT: 12pt\" align=center>and scratch resistance. Offered in matte black<\/P> <P class=MsoNormal style=\"TEXT-ALIGN: center; MARGIN: 0cm 0cm 8pt; LINE-HEIGHT: 12pt\" align=center>or metallic grey with palladium-plated accents,<\/P> <P class=MsoNormal style=\"TEXT-ALIGN: center; MARGIN: 0cm 0cm 8pt; LINE-HEIGHT: 12pt\" align=center>the Streamline-R is available in a twist-action<\/P> <P class=MsoNormal style=\"TEXT-ALIGN: center; MARGIN: 0cm 0cm 8pt; LINE-HEIGHT: 12pt\" align=center>ball pen, convertible rollerball and a fountain pen<\/P> <P class=MsoNormal style=\"TEXT-ALIGN: center; MARGIN: 0cm 0cm 8pt; LINE-HEIGHT: 12pt\" align=center>with Dupont\u2019s luxurious 14K gold nib. Bearing<\/P> <P class=MsoNormal style=\"TEXT-ALIGN: center; MARGIN: 0cm 0cm 8pt; LINE-HEIGHT: 12pt\" align=center>the hallmark D insignia on the clip, it continues<\/P> <P class=MsoNormal style=\"TEXT-ALIGN: center; MARGIN: 0cm 0cm 8pt; LINE-HEIGHT: 12pt\" align=center>ST.Dupont\u2019s tradition of elegance while asserting<\/P> <P class=MsoNormal style=\"TEXT-ALIGN: center; MARGIN: 0cm 0cm 8pt; LINE-HEIGHT: 12pt\" align=center>its own character drawn from the Streamline<\/P> <P class=MsoNormal style=\"TEXT-ALIGN: center; MARGIN: 0cm 0cm 8pt; LINE-HEIGHT: 12pt\" align=center>style. Each pen is presented with a unique<\/P> <P class=MsoNormal style=\"TEXT-ALIGN: center; MARGIN: 0cm 0cm 8pt; LINE-HEIGHT: 12pt\" align=center>car-shaped desk holder in shiny black lacquer.<\/P> <P class=MsoNormal style=\"TEXT-ALIGN: center; MARGIN: 0cm 0cm 4pt; mso-margin-top-alt: auto; mso-margin-bottom-alt: auto\" align=center>Details<\/P>  Inspired by the aerodynamic \u2018teardrop\u2019 industrial design  Made with a revolutionary material (ceramium ACT &#8211; advanced ceramium technology)  Bearing the hallmark D insignia on the clip  Each pen is presented with a unique car-shaped desk holder in shiny black lacquer <P class=MsoNormal style=\"TEXT-ALIGN: center; MARGIN: 0cm 0cm 8pt; LINE-HEIGHT: 12pt\" align=center>&nbsp;<\/P> <P class=MsoNormal style=\"TEXT-ALIGN: center; MARGIN: 0cm 0cm 8pt; LINE-HEIGHT: 12pt\" align=center>Condition: NEW incl.original box and accessories<\/P>        SCOPE OF DELIVERY  <\/p>\n<p>  The object will be delivered as pictured. Manuals, papers, certificate cards,   booklets and boxes are only included in the delivery if mentioned in the description or shown in the pictures.   The delivery includes only the goods without any decoration.  <\/p>\n<p>      IMAGES  <\/p>\n<p>  All photos were taken by our photographer.   The use of the pictures published by us is forbidden without our permission.   Infringement is pursued legally.  <\/p>\n<p>      PAYMENT  <\/p>\n<p>  We prefer bank transfer but also accept payments via PayPal. Our bank account is deposited on eBay and will be communicated immediately upon request.   For the fastest possible processing you can see our account details immediately after the offer end in the purchase processing or in the e-mail sent by eBay.   If you do not want to use the eBay purchase process, please send us an e-mail to get the account details.   We would like to ask you to pay the purchased item within 10 days.  <\/p>\n<p>      SHIPPING WORLWIDE  <\/p>\n<p>  Of course, we also ship our items internationally.   The shipping costs for your country can be found in the section &#8220;shipping costs&#8221; on eBay.   There are several ways of shipping, for example:   <\/p>\n<p>    &#8220;ECONOMY&#8221; it is cost-effective but very slow, usually takes between 2 and 4 weeks (within EU faster)  &#8220;NORMAL&#8221; usually with DHL, it is also not quite fast and lasts between 1 and 3 weeks (within EU faster)   &#8220;EXPRESS&#8221; it is the fastest shipping variant, done with FEDEX or UPS, takes between 2 and 7 days and costs relatively expensive.    <\/p>\n<p>  You can request all details about the shipping (shipping options, shipping duration, etc.) for your country via email.  <\/p>\n<p>      IMPORT TAX OUTSIDE EU  <\/p>\n<p>  For each country which do not belong to the european union you have to pay customs charges and taxes for the particular country you live.   The costs will not been taken by us and we are not allowed to give you any informations about the tariff walls.   Please ask about the customs charges and taxes before you decide to bid on our auctions.  <\/p>\n<p>      ABOUT US  <\/p>\n<p>  VIP-Auktionen (German spelling of VIP-Auctions) has been for many years a specialized company for the sale of luxury accessories,   high-quality writing instruments, classical watches and brand jewelry.   We are always trying to offer you interesting and rare objects.   In our shop you will find selected and valuable jewelry, exclusive watches, limited writing instruments, rare leather accessories at attractive prices.   We sell exclusively original and authentic branded items and collectors&#8217; items.   Our numerous customers have already confirmed this through their evaluations and customer satisfaction.  <\/p>\n<p>      A PLUS OF SERVICE  <\/p>\n<p>  VIP-Auktionen &#8211; is a tested member with top ratings and offers you a high degree of professionalism and customer proximity.   This means, inter alia, tested service performance excellent buyer reviews fast delivery and professional communication.   Our evaluation profile is a barometer of customer satisfaction. We try to describe the item as exactly as possible.   If you are still dissatisfied with the first item please contact us, because for any problem there is a solution.  <\/p>\n<p>      LINK TO \u201cOS PLATFORM\u201d OF THE EU  <\/p>\n<p>  The European Commission is providing a platform for out-of-court online dispute settlement (OS platform),   which can be accessed at: ec.europa.eu\/consumers\/odr.   Our e-mail address can be found in our legal info. We are neither obliged nor willing to participate in the dispute settlement process.  <\/p>\n<p>Haben Sie Fragen? Wir helfen Ihnen gerne weiter. Sie k\u00f6nnen das Ebay   Kontaktformular nutzen.  <\/p>\n<p>Do You have questions? We&#8217;re here to help. You can use the Ebay   contact form  <\/p>\n","protected":false},"excerpt":{"rendered":"<p>Willkommen bei VIP Auktionen Herzlich Willkommen bei VIP-AUKTIONEN. Besuchen Sie unseren Shop st\u00e4ndig interessante Angebote zu fairen Konditionen. Welcome to VIP-AUKTIONEN. Visit our shop constantly interesting offers at fair conditions. &nbsp; &nbsp; Kontakt Contact Shop S.T. DUPONT BALLPOINT PENSTREAMLINE-R CERAMIUM &hellip; <a class=\"kt-excerpt-readmore\" href=\"https:\/\/vip-auktionen.de\/en\/product\/s-t-dupont-streamline-r-kugelschreiber-ceramium-act-palladium-stylo-bille-pen-2\/\" aria-label=\"S.T. DUPONT STREAMLINE R KUGELSCHREIBER CERAMIUM ACT &amp; PALLADIUM STYLO BILLE PEN\">Read More<\/a><\/p>\n","protected":false},"featured_media":32671,"template":"","meta":{"kt_blocks_editor_width":""},"product_brand":[],"product_cat":[1794],"product_tag":[],"class_list":{"0":"post-32670","1":"product","2":"type-product","3":"status-publish","4":"has-post-thumbnail","6":"product_cat-montblanc","7":"product_shipping_class-1830","8":"pa_besonderheiten-clip","9":"pa_besonderheiten-geschenkbox","10":"pa_besonderheiten-mit-drehmechanik","11":"pa_herstellernummer-1407","12":"pa_herstellungsland-und-region-frankreich","13":"pa_marke-s-t-dupont","14":"pa_modell-streamline-r-brushed-palladium","15":"pa_produktart-kugelschreiber","17":"first","18":"instock","19":"shipping-taxable","20":"purchasable","21":"product-type-simple"},"jetpack_sharing_enabled":true,"_links":{"self":[{"href":"https:\/\/vip-auktionen.de\/en\/wp-json\/wp\/v2\/product\/32670","targetHints":{"allow":["GET"]}}],"collection":[{"href":"https:\/\/vip-auktionen.de\/en\/wp-json\/wp\/v2\/product"}],"about":[{"href":"https:\/\/vip-auktionen.de\/en\/wp-json\/wp\/v2\/types\/product"}],"wp:featuredmedia":[{"embeddable":true,"href":"https:\/\/vip-auktionen.de\/en\/wp-json\/wp\/v2\/media\/32671"}],"wp:attachment":[{"href":"https:\/\/vip-auktionen.de\/en\/wp-json\/wp\/v2\/media?parent=32670"}],"wp:term":[{"taxonomy":"product_brand","embeddable":true,"href":"https:\/\/vip-auktionen.de\/en\/wp-json\/wp\/v2\/product_brand?post=32670"},{"taxonomy":"product_cat","embeddable":true,"href":"https:\/\/vip-auktionen.de\/en\/wp-json\/wp\/v2\/product_cat?post=32670"},{"taxonomy":"product_tag","embeddable":true,"href":"https:\/\/vip-auktionen.de\/en\/wp-json\/wp\/v2\/product_tag?post=32670"}],"curies":[{"name":"wp","href":"https:\/\/api.w.org\/{rel}","templated":true}]}}