{"id":32492,"date":"2023-09-28T10:43:35","date_gmt":"2023-09-28T08:43:35","guid":{"rendered":"https:\/\/vip-auktionen.de\/product\/cartier-santos-pm-ersatzglied-armbandglied-bandelement-band-glied-bracelet-link-2\/"},"modified":"2025-09-05T17:13:00","modified_gmt":"2025-09-05T15:13:00","slug":"cartier-santos-pm-ersatzglied-armbandglied-bandelement-band-glied-bracelet-link-2","status":"publish","type":"product","link":"https:\/\/vip-auktionen.de\/en\/product\/cartier-santos-pm-ersatzglied-armbandglied-bandelement-band-glied-bracelet-link-2\/","title":{"rendered":"CARTIER SANTOS PM ERSATZGLIED ARMBANDGLIED BANDELEMENT BAND-GLIED BRACELET LINK"},"content":{"rendered":"<p>Willkommen bei VIP Auktionen Herzlich Willkommen bei VIP-AUKTIONEN. Besuchen Sie unseren Shop st\u00e4ndig interessante Angebote zu fairen Konditionen. Welcome to VIP-AUKTIONEN. Visit our shop constantly interesting offers at fair conditions. \u00a0 \u00a0 Kontakt Contact Shop CARTIER UHRENARMBAND ERSATZGLIEDSANTOS CARREE PM DAMENUHRSTAHL &amp; GOLD \/ TOP-ZUSTAND<\/p>\n<p class=\"MsoNormal\" style=\"text-align: center; margin: 0cm 0cm 8pt; mso-margin-top-alt: auto; mso-margin-bottom-alt: auto; mso-line-height-alt: 9.35pt;\" align=\"center\">ORIGINALSantosdeCartierPARISStahl &amp; GoldSantos de Cartier BandelementErsatzglied \/ Verl\u00e4ngerungsgliedAngeboten wird ein Ersatzgliedaus Edelstahl und Goldf\u00fcr ein Uhrenarmband der franz\u00f6sischen Nobelmarke Cartier&#8212;&#8212;&#8212;&#8212; Details &#8212;&#8212;&#8212;&#8212;- Modell: Cartier\u00a0Santos Lady Carree &#8212; Abmessungen:\u00a010 x 7 mmZustand: TOP-ZustandWenn Sie sich nicht sicher sind,ob das Ersatzglied auf Ihre Uhrpassen sollte, rufen Sie uns bitte anDieser Artikel unterliegt derDifferenzbesteuerung. Daher wird dieim Kaufpreis enthaltene Mehrwertsteuer inder Rechnung nicht gesondert ausgewiesenF\u00fcr den Liebhaber und Sammler vonAccessoires mit dem gewissen Unterschied<\/p>\n","protected":false},"excerpt":{"rendered":"<p>Willkommen bei VIP Auktionen Herzlich Willkommen bei VIP-AUKTIONEN. Besuchen Sie unseren Shop st\u00e4ndig interessante Angebote zu fairen Konditionen. Welcome to VIP-AUKTIONEN. Visit our shop constantly interesting offers at fair conditions. \u00a0 \u00a0 Kontakt Contact Shop CARTIER UHRENARMBAND ERSATZGLIEDSANTOS CARREE PM &hellip; <a class=\"kt-excerpt-readmore\" href=\"https:\/\/vip-auktionen.de\/en\/product\/cartier-santos-pm-ersatzglied-armbandglied-bandelement-band-glied-bracelet-link-2\/\" aria-label=\"CARTIER SANTOS PM ERSATZGLIED ARMBANDGLIED BANDELEMENT BAND-GLIED BRACELET LINK\">Read More<\/a><\/p>\n","protected":false},"featured_media":32493,"template":"","meta":{"kt_blocks_editor_width":""},"product_brand":[],"product_cat":[1795,1815],"product_tag":[],"class_list":{"0":"post-32492","1":"product","2":"type-product","3":"status-publish","4":"has-post-thumbnail","6":"product_cat-cartier","7":"product_cat-ersatzteile-fuer-uhren","8":"product_shipping_class-1830","9":"pa_abteilung-damen","10":"pa_armbandart-armband","11":"pa_herstellungsjahr-1980-1989","12":"pa_herstellungsland-und-region-schweiz","13":"pa_marke-cartier","14":"pa_markenkompatibilitat-cartier","15":"pa_material-edelstahl","16":"pa_modellkompatibilitat-cartier-santos","17":"pa_produktart-armbandglied","18":"pa_thema-luxus","19":"pa_vintage-ja","21":"first","22":"instock","23":"shipping-taxable","24":"purchasable","25":"product-type-simple"},"jetpack_sharing_enabled":true,"_links":{"self":[{"href":"https:\/\/vip-auktionen.de\/en\/wp-json\/wp\/v2\/product\/32492","targetHints":{"allow":["GET"]}}],"collection":[{"href":"https:\/\/vip-auktionen.de\/en\/wp-json\/wp\/v2\/product"}],"about":[{"href":"https:\/\/vip-auktionen.de\/en\/wp-json\/wp\/v2\/types\/product"}],"wp:featuredmedia":[{"embeddable":true,"href":"https:\/\/vip-auktionen.de\/en\/wp-json\/wp\/v2\/media\/32493"}],"wp:attachment":[{"href":"https:\/\/vip-auktionen.de\/en\/wp-json\/wp\/v2\/media?parent=32492"}],"wp:term":[{"taxonomy":"product_brand","embeddable":true,"href":"https:\/\/vip-auktionen.de\/en\/wp-json\/wp\/v2\/product_brand?post=32492"},{"taxonomy":"product_cat","embeddable":true,"href":"https:\/\/vip-auktionen.de\/en\/wp-json\/wp\/v2\/product_cat?post=32492"},{"taxonomy":"product_tag","embeddable":true,"href":"https:\/\/vip-auktionen.de\/en\/wp-json\/wp\/v2\/product_tag?post=32492"}],"curies":[{"name":"wp","href":"https:\/\/api.w.org\/{rel}","templated":true}]}}