{"id":32416,"date":"2024-11-26T16:07:58","date_gmt":"2024-11-26T15:07:58","guid":{"rendered":"https:\/\/vip-auktionen.de\/product\/montblanc-patron-of-art-limited-edition-4810-queen-elizabeth-fuller-fountain-pen\/"},"modified":"2026-04-01T12:54:20","modified_gmt":"2026-04-01T10:54:20","slug":"montblanc-patron-of-art-limited-edition-4810-queen-elizabeth-fuller-fountain-pen","status":"publish","type":"product","link":"https:\/\/vip-auktionen.de\/en\/product\/montblanc-patron-of-art-limited-edition-4810-queen-elizabeth-fuller-fountain-pen\/","title":{"rendered":"MONTBLANC Patron of Art Limited Edition 4810 \u2013 Queen Elizabeth I (2010) piston fountain pen"},"content":{"rendered":"Montblanc Patron of Art Limited Edition 4810 \u2013 K\u00f6nigin Elisabeth I. (2010)<\/p>\n<p>\ud83d\udd8b Eine k\u00f6nigliche Hommage an Kunst &amp; Geschichte<\/p>\n<p>Die Montblanc Patron of Art Limited Edition 4810 \u2013 Queen Elizabeth I wurde im Jahr 2010 in einer streng limitierten Auflage ver\u00f6ffentlicht und ehrt eine der einflussreichsten Monarchinnen der Geschichte. Inspiriert von der englischen Renaissance und dem majest\u00e4tischen Stil von K\u00f6nigin Elisabeth I. ist dieses luxuri\u00f6se Schreibger\u00e4t ein wahres Kunstwerk der Handwerkskunst.<\/p>\n<p>&nbsp;<\/p>\n<p>Design &amp; Merkmale:<\/p>\n<p>\u2714 Modell: Patron of Art Limited Edition 4810 \u2013 Queen Elizabeth I<\/p>\n<p>\u2714 Identifikationsnummer: 105728<\/p>\n<p>\u2714 Schreibsystem: Kolbenf\u00fcllfederhalter<\/p>\n<p>\u2714 Feder: Handgefertigte 18K Goldfeder, graviert mit der k\u00f6niglichen Krone<\/p>\n<p>\u2714 Korpus: Edler schwarzer Lack mit vergoldeten Applikationen, inspiriert von Elizabeths k\u00f6niglichen Gew\u00e4ndern<\/p>\n<p>\u2714 Kappe: Schwarzer Lack mit vergoldeten Ornamenten<\/p>\n<p>\u2714 Kappenring: Verziert mit der ikonischen Tudor Rose<\/p>\n<p>\u2714 Beschl\u00e4ge: Vergoldete Ringe &amp; kunstvolle Gravuren<\/p>\n<p>\u2714 Clip: Vergoldet und besetzt mit einem synthetischen gr\u00fcnen Granat<\/p>\n<p>&nbsp;<\/p>\n<p>Zustand &amp; Lieferumfang:<\/p>\n<p>\ud83d\udd39 Neuwertiges Sammlerst\u00fcck<\/p>\n<p>\ud83d\udd39 Ohne Originalverpackung<\/p>\n<p>\ud83d\udd39 Streng limitiert &amp; selten \u2013 eine exklusive Rarit\u00e4t<\/p>\n<p>\u2728 Ein Meisterst\u00fcck f\u00fcr Sammler &amp; Liebhaber feiner Schreibkultur!","protected":false},"excerpt":{"rendered":"<p>Montblanc Patron of Art Limited Edition 4810 \u2013 K\u00f6nigin Elisabeth I. (2010) \ud83d\udd8b Eine k\u00f6nigliche Hommage an Kunst &amp; Geschichte Die Montblanc Patron of Art Limited Edition 4810 \u2013 Queen Elizabeth I wurde im Jahr 2010 in einer streng limitierten &hellip; <a class=\"kt-excerpt-readmore\" href=\"https:\/\/vip-auktionen.de\/en\/product\/montblanc-patron-of-art-limited-edition-4810-queen-elizabeth-fuller-fountain-pen\/\" aria-label=\"MONTBLANC Patron of Art Limited Edition 4810 \u2013 Queen Elizabeth I (2010) piston fountain pen\">Read More<\/a><\/p>\n","protected":false},"featured_media":32417,"template":"","meta":{"kt_blocks_editor_width":""},"product_brand":[],"product_cat":[1817,1794],"product_tag":[],"class_list":{"0":"post-32416","1":"product","2":"type-product","3":"status-publish","4":"has-post-thumbnail","6":"product_cat-fuellfederhalter","7":"product_cat-montblanc","8":"product_shipping_class-2500_10000","9":"pa_besonderheiten-clip","10":"pa_besonderheiten-nachfuellbar","11":"pa_farbe-schwarz","12":"pa_feder-nib-18k-gold-m-medium","13":"pa_herstellernummer-2341","14":"pa_herstellungsland-und-region-deutschland","15":"pa_marke-montblanc","16":"pa_modell-montblanc-patron-of-art-limited-edition-4810","17":"pa_produktart-fuellfederhalter","18":"pa_starke-m-mittel","20":"first","21":"instock","22":"shipping-taxable","23":"purchasable","24":"product-type-simple"},"jetpack_sharing_enabled":true,"_links":{"self":[{"href":"https:\/\/vip-auktionen.de\/en\/wp-json\/wp\/v2\/product\/32416","targetHints":{"allow":["GET"]}}],"collection":[{"href":"https:\/\/vip-auktionen.de\/en\/wp-json\/wp\/v2\/product"}],"about":[{"href":"https:\/\/vip-auktionen.de\/en\/wp-json\/wp\/v2\/types\/product"}],"wp:featuredmedia":[{"embeddable":true,"href":"https:\/\/vip-auktionen.de\/en\/wp-json\/wp\/v2\/media\/32417"}],"wp:attachment":[{"href":"https:\/\/vip-auktionen.de\/en\/wp-json\/wp\/v2\/media?parent=32416"}],"wp:term":[{"taxonomy":"product_brand","embeddable":true,"href":"https:\/\/vip-auktionen.de\/en\/wp-json\/wp\/v2\/product_brand?post=32416"},{"taxonomy":"product_cat","embeddable":true,"href":"https:\/\/vip-auktionen.de\/en\/wp-json\/wp\/v2\/product_cat?post=32416"},{"taxonomy":"product_tag","embeddable":true,"href":"https:\/\/vip-auktionen.de\/en\/wp-json\/wp\/v2\/product_tag?post=32416"}],"curies":[{"name":"wp","href":"https:\/\/api.w.org\/{rel}","templated":true}]}}