{"id":32405,"date":"2023-09-26T11:53:49","date_gmt":"2023-09-26T09:53:49","guid":{"rendered":"https:\/\/vip-auktionen.de\/product\/cartier-santos-gm-ersatzglied-armbandglied-bandelement-band-glied-bracelet-link-5\/"},"modified":"2025-09-05T17:15:41","modified_gmt":"2025-09-05T15:15:41","slug":"cartier-santos-gm-ersatzglied-armbandglied-bandelement-band-glied-bracelet-link-5","status":"publish","type":"product","link":"https:\/\/vip-auktionen.de\/en\/product\/cartier-santos-gm-ersatzglied-armbandglied-bandelement-band-glied-bracelet-link-5\/","title":{"rendered":"CARTIER SANTOS GM ERSATZGLIED ARMBANDGLIED BANDELEMENT BAND-GLIED BRACELET LINK"},"content":{"rendered":"<p style=\"text-align: left;\">CARTIER UHRENARMBAND ERSATZGLIEDF\u00dcR SANTOS GALBEE ARMBANDUHRSTAHL &amp; GOLD \/ TOP-ZUSTAND<\/p>\n<p class=\"MsoNormal\" style=\"margin: 0cm 0cm 8pt; text-align: left;\" align=\"center\">ORIGINALSantosdeCartierPARISStahl &amp; GoldSantos de Cartier BandelementErsatzglied \/ Verl\u00e4ngerungsgliedAngeboten wird ein Ersatzgliedaus Edelstahl und Goldf\u00fcr ein Uhrenarmband der franz\u00f6sischen Nobelmarke Cartier&#8212;&#8212;&#8212;&#8212; Details &#8212;&#8212;&#8212;&#8212;- Modell: Cartier\u00a0Santos\u00a0Galbee\u00a0&#8212; Abmessungen:\u00a013,5 x\u00a08 mmZustand: TOP-ZustandWenn Sie sich nicht sicher sind,ob das Ersatzglied auf Ihre Uhrpassen sollte, rufen Sie uns bitte anDieser Artikel unterliegt derDifferenzbesteuerung. Daher wird dieim Kaufpreis enthaltene Mehrwertsteuer inder Rechnung nicht gesondert ausgewiesenF\u00fcr den Liebhaber und Sammler vonAccessoires mit dem gewissen Unterschied<\/p>\n<p style=\"text-align: left;\">","protected":false},"excerpt":{"rendered":"<p>CARTIER UHRENARMBAND ERSATZGLIEDF\u00dcR SANTOS GALBEE ARMBANDUHRSTAHL &amp; GOLD \/ TOP-ZUSTAND ORIGINALSantosdeCartierPARISStahl &amp; GoldSantos de Cartier BandelementErsatzglied \/ Verl\u00e4ngerungsgliedAngeboten wird ein Ersatzgliedaus Edelstahl und Goldf\u00fcr ein Uhrenarmband der franz\u00f6sischen Nobelmarke Cartier&#8212;&#8212;&#8212;&#8212; Details &#8212;&#8212;&#8212;&#8212;- Modell: Cartier\u00a0Santos\u00a0Galbee\u00a0&#8212; Abmessungen:\u00a013,5 x\u00a08 mmZustand: TOP-ZustandWenn Sie sich &hellip; <a class=\"kt-excerpt-readmore\" href=\"https:\/\/vip-auktionen.de\/en\/product\/cartier-santos-gm-ersatzglied-armbandglied-bandelement-band-glied-bracelet-link-5\/\" aria-label=\"CARTIER SANTOS GM ERSATZGLIED ARMBANDGLIED BANDELEMENT BAND-GLIED BRACELET LINK\">Read More<\/a><\/p>\n","protected":false},"featured_media":32406,"template":"","meta":{"kt_blocks_editor_width":""},"product_brand":[],"product_cat":[1795,1815],"product_tag":[],"class_list":{"0":"post-32405","1":"product","2":"type-product","3":"status-publish","4":"has-post-thumbnail","6":"product_cat-cartier","7":"product_cat-ersatzteile-fuer-uhren","8":"product_shipping_class-1830","9":"pa_abteilung-unisex","10":"pa_armbandart-armband","11":"pa_armbandbreite-135-mm","12":"pa_herstellungsland-und-region-schweiz","13":"pa_marke-cartier","14":"pa_markenkompatibilitat-cartier","15":"pa_material-edelstahl","16":"pa_modellkompatibilitat-cartier-santos","17":"pa_produktart-armbandglied","18":"pa_thema-luxus","20":"first","21":"instock","22":"shipping-taxable","23":"purchasable","24":"product-type-simple"},"jetpack_sharing_enabled":true,"_links":{"self":[{"href":"https:\/\/vip-auktionen.de\/en\/wp-json\/wp\/v2\/product\/32405","targetHints":{"allow":["GET"]}}],"collection":[{"href":"https:\/\/vip-auktionen.de\/en\/wp-json\/wp\/v2\/product"}],"about":[{"href":"https:\/\/vip-auktionen.de\/en\/wp-json\/wp\/v2\/types\/product"}],"wp:featuredmedia":[{"embeddable":true,"href":"https:\/\/vip-auktionen.de\/en\/wp-json\/wp\/v2\/media\/32406"}],"wp:attachment":[{"href":"https:\/\/vip-auktionen.de\/en\/wp-json\/wp\/v2\/media?parent=32405"}],"wp:term":[{"taxonomy":"product_brand","embeddable":true,"href":"https:\/\/vip-auktionen.de\/en\/wp-json\/wp\/v2\/product_brand?post=32405"},{"taxonomy":"product_cat","embeddable":true,"href":"https:\/\/vip-auktionen.de\/en\/wp-json\/wp\/v2\/product_cat?post=32405"},{"taxonomy":"product_tag","embeddable":true,"href":"https:\/\/vip-auktionen.de\/en\/wp-json\/wp\/v2\/product_tag?post=32405"}],"curies":[{"name":"wp","href":"https:\/\/api.w.org\/{rel}","templated":true}]}}