{"id":32328,"date":"2016-06-24T21:55:49","date_gmt":"2016-06-24T19:55:49","guid":{"rendered":"https:\/\/vip-auktionen.de\/product\/st-dupont-sonnenbrille-brille-sunglasses-eyewear-occhiali-lunettes-de-soleil-neu-6\/"},"modified":"2025-09-05T17:09:32","modified_gmt":"2025-09-05T15:09:32","slug":"st-dupont-sonnenbrille-brille-sunglasses-eyewear-occhiali-lunettes-de-soleil-neu-6","status":"publish","type":"product","link":"https:\/\/vip-auktionen.de\/en\/product\/st-dupont-sonnenbrille-brille-sunglasses-eyewear-occhiali-lunettes-de-soleil-neu-6\/","title":{"rendered":"S.T. DUPONT Sunglasses (D719 \/ 20 6052)"},"content":{"rendered":"Willkommen bei VIP Auktionen Herzlich Willkommen bei VIP-AUKTIONEN. Besuchen Sie unseren Shop st\u00e4ndig interessante Angebote zu fairen Konditionen. ORIGINAL S.T.DUPONT DESIGNER SONNENBRILLES.T.DUPONT SUNGLASSES LUNETTES EYEWEARMODELL: D719\/20 6052 &#8211; MADE IN GERMANY<\/p>\n<p>Bitte klicken Sie auf die kleinen Bilder um diese zu vergr\u00f6ssern\u00a0\u00a0\u00a0\u00a0\u00a0Weitere Bilder finden Sie in unterem Bereich der Beschreibung<\/p>\n<p>ORIGINAL S.T.DUPONT DESIGNER SONNENBRILLES.T.DUPONT SUNGLASSES LUNETTES EYEWEARMODELL: D719\/20 6052 &#8211; MADE IN GERMANY<\/p>\n<p class=\"MsoNormal\" style=\"margin: 0cm 0cm 12pt; text-align: center; line-height: normal;\" align=\"center\">ORIGINALS.T.DupontPARISS.T.Dupont Designer SonnenbrilleSie bieten hier auf einen eleganten und zeitlosen Luxus, auf eineexklusive Sonnenbrille der franz\u00f6sischen Nobelmarke S.T.DupontSonnenbrille aus Acetat, klassische Form, die die maskulinen Formen derS.T.Dupont-Feuerzeuge aufnimmt. Die Metalllinie unterstreicht diskret dieB\u00fcgel und setzt gekonnt &#8220;S.T. DUPONT&#8221; Schriftzug\u00a0in Szene. HochwertigeSonnengl\u00e4ser filtern das Licht, das von Wasser, Schnee und Autoscheibenreflektiert wird. Unvergleichlicher Tragekomfort, besonders bei Sport, aberauch beim Autofahren, da sie effizient den Widerschein der Sonne auf denScheiben d\u00e4mpfen. Innen entspiegelt: Mindert die R\u00fcckstrahlung zu denAugen. Diese Sonnenbrille vereint Design und Trend perfekt miteinander.Die B\u00fcgel tragen den Buchstaben \u201eD\u201c als Zeichen der Luxusmarke.Es ist ein wundersch\u00f6nes Produkt von S.T. Dupont dessenAusstrahlung durch Details aus Gold-Finish noch erh\u00f6ht wirdAls Sonnenbrille oder Sehhilfe auf jeden Fall EDEL &amp; RARS.T. Dupont &#8211; Einzigartige, im stilvollen Design gefertigte Kollektionenunterstreichen den erlesen Geschmack eleganter Weltb\u00fcrgerund begr\u00fcnden den Erfolg dieser klassischen LuxusmarkeModell-Nr.: D719 \/20 6052ZUSTAND &#8211; NEUDie von Meisterhand gefertigte Brille wird in einem neutralen Brillenetui angebotenDieser Artikel unterliegt der Differenzbesteuerung. Daher wird die im Kaufpreisenthaltene Mehrwertsteuer in der Rechnung nicht gesondert ausgewiesenF\u00fcr den Liebhaber und Sammler von Accessoires mit dem gewissen Unterschied<\/p>\n<p>&nbsp;<\/p>\n<p style=\"line-height: 115%; font-size: 15px;\" align=\"center\">Noch mehr Luxusartikel finden Sie in unserem\u00a0Shop<\/p>\n<p>\u00a0\u00a0\u00a0\u00a0\u00a0 \u00a0\u00a0\u00a0\u00a0 \u00a0\u00a0\u00a0\u00a0\u00a0\u00a0 \u00a0 Umfang der Versteigerung.<\/p>\n<p>Die Auktion umfasst\u00a0das abgebildete und beschriebene\u00a0Exponat. Garantiekarten Originalpapiere Originalbox und Zubeh\u00f6r etc. geh\u00f6ren nur dann zum Umfang der Versteigerung wenn sie fotografiert wurden bzw. im Text namentlich erw\u00e4hnt sind. Bitte beachten Sie dass wir auch gebrauchte Artikel mit nat\u00fcrlicher Patina in Auktion geben. Unsere gebrauchten Artikel erheben keinen Anspruch auf die Perfektion von Neuware.<\/p>\n<p>Complexity of auction.<\/p>\n<p>Instruction handbook auditing papers guarantee card register syllabuses accessories or similar are only than elements off the auction if there are pictures taken off or as the case may be they mentioned by name in the inlet text. The auction only includes the adjacent exhibit without any decoration. Shipping and packaging costs without Germany International shipping &#8211; International bidders are welcome: Of course we also ship our items internationally. Please inform yourself on shipping costs for your country in advance. After auction closing just enter your desired shipping address into our purchase processing form. Subsequently we send you an e-mail including all necessary payment data. We accept bank to bank payment &amp; PayPal We like to point out that the Transmission can only be send if the amount to pay for the inauction bought piece and the shipping and handling amount is transferred completely. The Transmission is handled in insured packets. For each country which do not belong to the european union you have to pay customs charges and taxes for the particular country you live. The costs will not been taken by us and we are not allowed to give you any informationsabout the tariff walls. Please ask about the customs charges and taxes before you decide to bid on our auctions.<\/p>\n<p>top top top top top top top top top top top \u00a0 V. I. P. &#8211; AUKTIONEN Willkommen bei VIP-Auktionen<\/p>\n<p>Transparenz schafft Vertrauen\u2026Wir haben uns f\u00fcr Sie pr\u00fcfen lassen<\/p>\n<p>VIP-Auktionen &#8211; ist gepr\u00fcftes Mitglied mit Top-Bewertungen und bietet Ihnen ein hohes Ma\u00df an Professionalit\u00e4t und Kundenn\u00e4he. Um am TopSeller-Programm teilnehmen zu k\u00f6nnen m\u00fcssen Verk\u00e4ufer regelm\u00e4\u00dfig positive Bewertungen aufweisen und ihren K\u00e4ufern einen hervorragenden Service anbieten. F\u00fcr Sie bedeutet das ein Plus an Service und Sicherheit beim Einkaufen.<\/p>\n<p>Wir sind Mitglied des eBay Top Verk\u00e4ufer Programms und bieten Ihnen hohe Flexibilit\u00e4t und Sicherheit durch modernste Zahlungsm\u00f6glichkeiten.<\/p>\n<p>Sie werden mit dem Artikel nicht gl\u00fccklich?Kein Problem R\u00fccknahme innerhalb 30 Tagen ohne Wenn und Aber!<\/p>\n<p>Willkommen bei VIP-AUKTIONEN In den letzten Jahren haben wir uns zu einem spezialisierten Online-Auktionshaus entwickelt. Unser Schwerpunkt liegt auf hochwertigen Accessoires aller bedeutenden Luxusmarken und Manufakturen. Wir verkaufen seltene Luxus-Accessoires und Sammlerst\u00fccke. Wir versuchen Ihnen st\u00e4ndig interessante und seltene Objekte anzubieten. In unseren t\u00e4glichen Auktionen finden Sie ausgesuchten und wertvollen Schmuckst\u00fccke seltene Uhren noble Schreibger\u00e4te und anderen Luxus Gegenst\u00e4nde zu unschlagbaren Preisen. Wir verkaufen ausschlie\u00dflich originale Markenartikel und Sammlerst\u00fccke. Wir distanzieren uns ausdr\u00fccklich von Anbietern billiger Plagiate. Unsere Artikel k\u00f6nnen jederzeit von einem Sachverst\u00e4ndigen gepr\u00fcft werden. Unsere zahlreiche Kunden haben das durch Ihre Bewertungen und Kundentreue schon best\u00e4tigt. \u00dcberzeugen Sie sich auch von unseren Service wir werden uns freuen Sie zu unseren Stammkunden z\u00e4hlen zu d\u00fcrfen. VIP-AUKTIONEN bietet Ihnen sowohl gebrauchte Luxus-Accessoires in gutem bis neuwertigem Zustand als auch ungebrauchte Markenartikel von Luxushersteller zu einem attraktiven Preis.<\/p>\n<p>Zu unseren Auktionen<\/p>\n<p>Nach der Auktion stellt Ihnen eBay alle n\u00f6tigen Daten f\u00fcr eine reibungslose Transaktion bereit. Zus\u00e4tzlich erhalten Sie von uns eine E-Mail mit allen wichtigen Daten zu der gewonnenen Auktion. ACHTUNG: Aufgrund der notwendigen Lagerung und aus Sicherheitsgr\u00fcnden ist eine Barzahlung bei Anholung nicht m\u00f6glich. Wir akzeptieren auch keine Zahlungen per Nachnahme. Wir versteigern\u00a0 unsere Artikel in vollkommenem Einklang mit der g\u00fcltigen deutschen Gesetzgebung und nach den Verkaufsrichtlinien von eBay. Wir m\u00f6chten Sie bitten unsere AGB vor dem Kauf zu lesen. Sie finden diese auf unserer mich\u00a0Seite. Mit der Abgabe eines Gebots erkennen Sie diese an.<\/p>\n<p>Zu unseren Artikeln<\/p>\n<p>Zur Versteigerung steht immer nur gezeigte Artikel. Weitere Zubeh\u00f6r ist nur dann Bestandteil der Auktion wenn es ausdr\u00fccklich in der Beschreibung erw\u00e4hnt ist. Wir geben uns die gr\u00f6\u00dfte M\u00fche den angegebenen Artikel so genau wie m\u00f6glich zu beschreiben. Sollten Sie dennoch mit dem ersteigerten Artikel unzufrieden sein werden wir uns kulant zeigen und gemeinsam mit Ihnen einen Weg finden die Auktion zu einem f\u00fcr beide Seiten positiven Ende zu bringen.<\/p>\n<p>Versand Inland<\/p>\n<p>VIP-AUKTIONEN ist offizieller Partner von DHL und DWL. Das bedeutet wir haben die besten Logistiker an unserer Seite und somit kommt jede Ihrer Sendungen p\u00fcnktlich und sicher bei Ihnen an. Zahlung und Lieferung innerhalb Deutschland Lieferung nur gegen Vorkasse \u2022Warenwert bis zu \u20ac 500 00 = 7 00 \u20ac * \u2022Warenwert bis zu \u20ac 2.500 00 = 15 00 \u20ac * \u2022Warenwert bis zu \u20ac 25.000 00 = 25 00 \u20ac * * Bei versandkostenfreien Auktionen \u00fcbernehmen wir die Versandkosten innerhalb Deutschland.<\/p>\n<p>Payment and Ship without Germany<\/p>\n<p>International shipping &#8211; International bidders are welcome: Of course we also ship our items internationally. Please inform yourself on shipping costs for your country in advance. After auction closing just enter your desired shipping address into our purchase processing form. Subsequently we send you an e-mail including all necessary payment data. We accept bank to bank payment &amp; PayPal We like to point out that the Transmission can only be send if the amount to pay for the inauction bought piece and the shipping and handling amount is transferred completely. The Transmission is handled in insured packets. For each country which do not belong to the european union you have to pay customs charges and taxes for the particular country you live. The costs will not been taken by us and we are not allowed to give you any informationsabout the tariff walls. Please ask about the customs charges and taxes before you decide to bid on our auctions.<\/p>\n<p>Lieferungs- und Zahlungsinformationen<\/p>\n<p>Sie erhalten nach dem Kauf eine E-Mail in der sich alle zur Auktionsabwicklung erforderlichen Daten befinden. Diese sollte Ihnen Wochentags innerhalb von 12 Stunden nach Auktionsende vorliegen. Sollten Sie innerhalb von 24 Stunden keine E- Mail erhalten haben informieren Sie uns bitte umgehend. F\u00fcr eine schnellstm\u00f6gliche Abwicklung k\u00f6nnen Sie unsere Kontodaten sofort nach dem Angebotsende auf der Auktionsseite oder in der von eBay verschickten Abschluss-E-Mail einsehen. Wollen Sie die Kaufabwicklung von eBay nicht nutzen schreiben Sie uns bitte eine E-Mail um die Kontodaten zu erfahren. Sofort nach Zahlungseingang liefern wir die Ware mit dem Paketdienst in der Regel deutschlandweit innerhalb eines Zeitrahmens von 48 Std. (Feiertage &amp; Wochenende ausgeschlossen). Bitte beachten Sie dass eine \u00dcberweisung je nach Bankinstitut bis zu 2 Werktage dauern kann. Wir k\u00f6nnen nat\u00fcrlich erst dann den Versand steuern wenn wir Ihren Eingang online verbuchen k\u00f6nnen. Bitte geben Sie unbedingt die Artikelnummer auf der \u00dcberweisung im &#8220;Verwendungszweck&#8221; an da sonst Ihre Zahlung nicht zugeordnet werden kann. Sollte Sie innerhalb einer Woche nach Ihrer \u00dcberweisung noch keine Ware erhalten haben informieren Sie uns bitte dar\u00fcber wir werden uns dann umgehend mit dem beauftragten Paketdienst in Verbindung setzen. Hochwertige Ware befindet sich in einem gesicherten Lager so dass sich der Versand um ca. 24 Stunden verz\u00f6gert.<\/p>\n<p>Probleme bei der Abwicklung<\/p>\n<p>Sollte es zu Problemen bei der Abwicklung kommen z.B. kein E-Mail Kontakt (R\u00fcckmeldung) versuchen Sie es \u00fcber EBAY denn viele E-Mails kommen unter anderem wegen der Spamfilter nicht an.<\/p>\n<p>Ein Plus an Service \u00a0 Unser Bewertungsprofil ist ein Barometer der Kundenzufriedenheit deshalb bewerten Sie uns als Verk\u00e4ufer ehrlich und fair. Bevor Sie eine negative Bewertung abgeben sollten Sie den Kontakt zu uns suchen denn f\u00fcr jedes Problem gibt es eine L\u00f6sung. Es kommt vor dass K\u00e4ufer mit dem Produkt sehr zufrieden sind aber andere Faktoren nicht akzeptabel finden. In dem Falle sollte nicht generell negativ bewertet werden.\u00a0 \u00a0 Unserer Tipp: Nutzen Sie f\u00fcr ein Feedback unbedingt die Kommentarzeile. \u00a0 \u00a0 Kundenzufriedenheit \u00a0 Wir lassen Sie nicht im regen stehen.\u00a0 \u00a0 Bei auftretenden Problemen sollten Sie mit uns Kontakt aufnehmen.\u00a0 \u00a0 Gemeinsam werden wir eine L\u00f6sung finden denn Ihre Zufriedenheit ist uns als Verk\u00e4ufer wichtig.\u00a0 \u00a0 Zahlungsmethoden<\/p>\n<p>Wir m\u00f6chten Sie bitten den Artikel innerhalb von 10 Tagen per Bank\u00fcberweisung oder via PayPal zu bezahlen. Aufgrund der notwendigen Lagerung und aus Sicherheitsgr\u00fcnden ist eine Barzahlung bei Anholung leider nicht m\u00f6glich. Wir akzeptieren auch keine Zahlungen per Nachnahme.<\/p>\n<p>Bewertung<\/p>\n<p>Wir freuen uns nat\u00fcrlich \u00fcber eine positive Bewertung von Ihnen. VIP-AUKTIONEN gibt Ihnen immer eine Bewertung ab wenn die Transaktion vollst\u00e4ndig abgewickelt ist. Sollte wider Erwarten etwas nicht zu Ihrer Zufriedenheit sein melden Sie sich bitte bei uns bevor Sie eine negative oder neutrale Bewertung abgeben. Wir stehen f\u00fcr eine faire Abwicklung ein. Wir werden mit Ihnen gemeinsam jedes Problem l\u00f6sen.<\/p>\n<p>Ankauf \/ Inzahlungnahme \/ Tausch<\/p>\n<p>Sie haben besondere St\u00fccke die Sie in gute H\u00e4nde geben m\u00f6chten? Wir sind stets am Ankauf von hochwertigen Accessoires Uhren und Schmuck interessiert. Wir kaufen Einzelst\u00fccke sowie Ihre gesamte Sammlung. Wir bieten Ihnen auch eine Inzahlungnahme an. Scans digitale Fotos oder andere hilfreiche Informationen sind sehr willkommen.<\/p>\n<p>Impressum<\/p>\n<p>VIP-AUKTIONEN Inh.: Oleg Garbuz Wei\u00dfenburgerstr. 6 44135 Dortmund Tel.: 0231 \/ 478 79 79 Fax: 0231 \/ 478 79 81 E-Mail: info(a)vip-auktionen.de Steuernummer: 315\/5069\/1360 Finanzamt Dortmund-H\u00f6rde<\/p>\n<p>VIP-AUKTIONEN<\/p>\n<p>VIP-AUKTIONEN Internet-Auktions-Service. Wir versteigern f\u00fcr Sie bei eBay. VIP-AUKTIONEN bietet Ihnen als Verkaufsagent einen umfangreichen und bequemen Service um Artikel auf der f\u00fchrenden Internet-Plattform eBay zu versteigern. VIP-AUKTIONEN &#8211; VIP-Service rundum.","protected":false},"excerpt":{"rendered":"<p>Willkommen bei VIP Auktionen Herzlich Willkommen bei VIP-AUKTIONEN. Besuchen Sie unseren Shop st\u00e4ndig interessante Angebote zu fairen Konditionen. ORIGINAL S.T.DUPONT DESIGNER SONNENBRILLES.T.DUPONT SUNGLASSES LUNETTES EYEWEARMODELL: D719\/20 6052 &#8211; MADE IN GERMANY Bitte klicken Sie auf die kleinen Bilder um diese &hellip; <a class=\"kt-excerpt-readmore\" href=\"https:\/\/vip-auktionen.de\/en\/product\/st-dupont-sonnenbrille-brille-sunglasses-eyewear-occhiali-lunettes-de-soleil-neu-6\/\" aria-label=\"S.T. DUPONT Sunglasses (D719 \/ 20 6052)\">Read More<\/a><\/p>\n","protected":false},"featured_media":25412,"template":"","meta":{"kt_blocks_editor_width":""},"product_brand":[],"product_cat":[1810,1800],"product_tag":[],"class_list":{"0":"post-32328","1":"product","2":"type-product","3":"status-publish","4":"has-post-thumbnail","6":"product_cat-brillenfassungen","7":"product_cat-stdupont","8":"product_shipping_class-1830","9":"pa_abteilung-unisex-erwachsene","10":"pa_glasfarbe-grau","11":"pa_herstellernummer-d719-20-6052","12":"pa_herstellungsland-und-region-deutschland","13":"pa_marke-dupont","14":"pa_personalisiert-nein","15":"pa_produktart-sonnenbrille","16":"pa_rahmenfarbe-brauntoene","17":"pa_rahmenmaterial-metall-kunststoff","19":"first","20":"instock","21":"shipping-taxable","22":"purchasable","23":"product-type-simple"},"jetpack_sharing_enabled":true,"_links":{"self":[{"href":"https:\/\/vip-auktionen.de\/en\/wp-json\/wp\/v2\/product\/32328","targetHints":{"allow":["GET"]}}],"collection":[{"href":"https:\/\/vip-auktionen.de\/en\/wp-json\/wp\/v2\/product"}],"about":[{"href":"https:\/\/vip-auktionen.de\/en\/wp-json\/wp\/v2\/types\/product"}],"wp:featuredmedia":[{"embeddable":true,"href":"https:\/\/vip-auktionen.de\/en\/wp-json\/wp\/v2\/media\/25412"}],"wp:attachment":[{"href":"https:\/\/vip-auktionen.de\/en\/wp-json\/wp\/v2\/media?parent=32328"}],"wp:term":[{"taxonomy":"product_brand","embeddable":true,"href":"https:\/\/vip-auktionen.de\/en\/wp-json\/wp\/v2\/product_brand?post=32328"},{"taxonomy":"product_cat","embeddable":true,"href":"https:\/\/vip-auktionen.de\/en\/wp-json\/wp\/v2\/product_cat?post=32328"},{"taxonomy":"product_tag","embeddable":true,"href":"https:\/\/vip-auktionen.de\/en\/wp-json\/wp\/v2\/product_tag?post=32328"}],"curies":[{"name":"wp","href":"https:\/\/api.w.org\/{rel}","templated":true}]}}