{"id":32039,"date":"2024-09-19T13:14:57","date_gmt":"2024-09-19T11:14:57","guid":{"rendered":"https:\/\/vip-auktionen.de\/product\/montblanc-anniversary-limited-edition-75-years-meisterstuck-18k-gold-diamanten-2\/"},"modified":"2026-04-01T12:44:47","modified_gmt":"2026-04-01T10:44:47","slug":"montblanc-anniversary-limited-edition-75-years-meisterstuck-18k-gold-diamanten-2","status":"publish","type":"product","link":"https:\/\/vip-auktionen.de\/en\/product\/montblanc-anniversary-limited-edition-75-years-meisterstuck-18k-gold-diamanten-2\/","title":{"rendered":"MONTBLANC Meisterstuck 116 Limited Edition Ballpoint Pen Solitaire 75 Limited Anniversary Edition"},"content":{"rendered":"MONTBLANC BALLPOINT PEN 116 LIMITED ANNIVERSARY EDITION MEISTERST\u00dcCK SOLITAIRE 75<\/p>\n<p>ORIGINAL<br \/>\nMontblanc<br \/>\nMADE IN GERMANY<\/p>\n<p>Montblanc Meisterst\u00fcck 116 Limited Edition Solitaire 75 Limited Anniversary Edition<br \/>\nMeisterst\u00fcck Solitaire 75 years, launched in 1999 in a strictly limited edition, for whose uniqueness Montblanc guarantees.<\/p>\n<p>!!! Only 75 writing instruments worldwide !!!<\/p>\n<p>&#8211; MONTBLANC LIMITED EDITION &#8211;<\/p>\n<p>Montblanc limited editions are your homage to the highest, masterly craftsmanship and the finest materials.<\/p>\n<p>Limited Anniversary EditionMeisterst\u00fcck Solitaire 75 years<\/p>\n<p>The Limited Anniversary Edition 75 is sure to be a very special highlight in every collection. This strictly limited edition was released in 1999, for the 75th anniversary of the Meisterst\u00fcck. The writing instruments in this edition are hard to beat in terms of understatement. The similarity to the Anniversary Edition 1924 is quite great, only the diamonds between the rings indicate at first glance that this is something very special. The body and cap of these writing instruments are made of solid 18K white gold with a platinum coating and a special thread guilloche.<\/p>\n<p>The rings and the clip are made of 18K\/750 red gold. The writing instrument is set with a total of 70 diamonds, which together have a share of 0.2 ct. As with the writing instruments of the 1924 Edition, a diamond adorns the cap, and the MB star is made of real mother of pearl. Montblanc Limited Edition Meisterst\u00fcck Solitaire 75 years ballpoint pen, body and cap made of solid 18K\/750 white gold with Montblanc emblem made of mother-of-pearl as inlay, cap rings made of 18K red gold each set with 35 diamonds, clip made of 18K red gold, clip ring made of 18K red gold set with a diamond<\/p>\n<p>Details:<br \/>\nWriting system: twist ballpoint pen<br \/>\nBody: 18K white gold with thread guilloche<br \/>\nCap: 18K white gold with thread guilloche<br \/>\nFittings: Three rings made of 18K gold with embossed Montblanc lettering<br \/>\nClip: 18K gold<br \/>\nSpecial features: Cap set with 70 brilliant-cut diamonds (~ 0.2 ct) Montblanc emblem made of mother-of-pearl.<\/p>\n<p>Condition: New (without original packaging)<\/p>\n<p>The outrageously expensive pen is offered in the Montblanc box shown.<\/p>\n<p>This article is subject to differential taxation. Therefore, the VAT included in the purchase price is not shown separately on the invoice","protected":false},"excerpt":{"rendered":"<p>MONTBLANC BALLPOINT PEN 116 LIMITED ANNIVERSARY EDITION MEISTERST\u00dcCK SOLITAIRE 75 ORIGINAL Montblanc MADE IN GERMANY Montblanc Meisterst\u00fcck 116 Limited Edition Solitaire 75 Limited Anniversary Edition Meisterst\u00fcck Solitaire 75 years, launched in 1999 in a strictly limited edition, for whose uniqueness &hellip; <a class=\"kt-excerpt-readmore\" href=\"https:\/\/vip-auktionen.de\/en\/product\/montblanc-anniversary-limited-edition-75-years-meisterstuck-18k-gold-diamanten-2\/\" aria-label=\"MONTBLANC Meisterstuck 116 Limited Edition Ballpoint Pen Solitaire 75 Limited Anniversary Edition\">Read More<\/a><\/p>\n","protected":false},"featured_media":32040,"template":"","meta":{"kt_blocks_editor_width":""},"product_brand":[],"product_cat":[1794,1828],"product_tag":[],"class_list":{"0":"post-32039","1":"product","2":"type-product","3":"status-publish","4":"has-post-thumbnail","6":"product_cat-montblanc","7":"product_cat-sold","8":"product_shipping_class-2500_10000","9":"pa_besonderheiten-sehr-kleine-ausfuhrung-mozart-nur-11cm","10":"pa_herstellernummer-2172","11":"pa_herstellungsland-und-region-deutschland","12":"pa_marke-montblanc","13":"pa_modell-meisterstuck-116-solitaire-anniversary-limited-edition-75-years","14":"pa_produktart-kugelschreiber","15":"pa_zustand-condition-neu-ohne-ovp-new-without-original-box","17":"first","18":"outofstock","19":"shipping-taxable","20":"purchasable","21":"product-type-simple"},"jetpack_sharing_enabled":true,"_links":{"self":[{"href":"https:\/\/vip-auktionen.de\/en\/wp-json\/wp\/v2\/product\/32039","targetHints":{"allow":["GET"]}}],"collection":[{"href":"https:\/\/vip-auktionen.de\/en\/wp-json\/wp\/v2\/product"}],"about":[{"href":"https:\/\/vip-auktionen.de\/en\/wp-json\/wp\/v2\/types\/product"}],"wp:featuredmedia":[{"embeddable":true,"href":"https:\/\/vip-auktionen.de\/en\/wp-json\/wp\/v2\/media\/32040"}],"wp:attachment":[{"href":"https:\/\/vip-auktionen.de\/en\/wp-json\/wp\/v2\/media?parent=32039"}],"wp:term":[{"taxonomy":"product_brand","embeddable":true,"href":"https:\/\/vip-auktionen.de\/en\/wp-json\/wp\/v2\/product_brand?post=32039"},{"taxonomy":"product_cat","embeddable":true,"href":"https:\/\/vip-auktionen.de\/en\/wp-json\/wp\/v2\/product_cat?post=32039"},{"taxonomy":"product_tag","embeddable":true,"href":"https:\/\/vip-auktionen.de\/en\/wp-json\/wp\/v2\/product_tag?post=32039"}],"curies":[{"name":"wp","href":"https:\/\/api.w.org\/{rel}","templated":true}]}}