{"id":31849,"date":"2024-08-15T10:37:00","date_gmt":"2024-08-15T08:37:00","guid":{"rendered":"https:\/\/vip-auktionen.de\/product\/montblanc-starwalker-a380-special-edition-rollerball-kugelschreiber-roller-pen-2\/"},"modified":"2025-09-05T17:32:08","modified_gmt":"2025-09-05T15:32:08","slug":"montblanc-starwalker-a380-special-edition-rollerball-kugelschreiber-roller-pen-2","status":"publish","type":"product","link":"https:\/\/vip-auktionen.de\/en\/product\/montblanc-starwalker-a380-special-edition-rollerball-kugelschreiber-roller-pen-2\/","title":{"rendered":"MONTBLANC Starwalker A380 Special Edition Rollerball Ballpoint Roller Pen"},"content":{"rendered":"MONTBLANC STARWALKER ROLLERBALL<br \/>\nSTARWALKER A380 SONDEREDITION<br \/>\nNEUWERTIG + MONTBLANC BOX<br \/>\nORIGINAL<br \/>\nHERGESTELLT IN DEUTSCHLAND<\/p>\n<p>Montblanc StarWalker Special Edition A380<br \/>\n&#8211; Id.Nr. 0103899 &#8211;<\/p>\n<p>Der Berg h\u00f6chste Europas steht gleichzeitig f\u00fcr h\u00f6chste Qualit\u00e4t. Seit 1924 vereint Montblanc Eleganz, Prestige und handwerkliche Perfektion in seinen Schreibinstrumenten. Mit ihrem unverwechselbaren Design gelten sie als Kultobjekte jenseits aller Zeitgeistes.<\/p>\n<p>Der StarWalker A380 Fineliner ist inspiriert vom einzigartigen Design des weltweit gr\u00f6\u00dften Passagierflugzeugs. Der speziell gestaltete Korpus und die Kappe weisen eine dunkelblaue Kautschukoberfl\u00e4che mit vollst\u00e4ndigen Doppeldeckerreihen von platinierten Fenstern auf. Die Beschl\u00e4ge des Stifts sind mit Platin, dem wertvollsten aller Metalle, veredelt. Ein transparenter Kappenkopf unterstreicht die dynamische Silhouette<br \/>\nund symbolisiert mit dem schwebenden Montblanc Emblem den h\u00f6chsten Qualit\u00e4ts- und Pr\u00e4zisionsanspruch.<\/p>\n<p>Einzelheiten:<br \/>\nFineliner mit Federmechanik-Spitze, Korpus und Kappe dunkelblaue Kautschukoberfl\u00e4che mit vollst\u00e4ndigen Doppeldeckerreihen von platinierten Fenstern, schwebendes Montblanc Emblem im transparenten Kappenkopf, platinierter Clip und Ringe<\/p>\n<p>&#8212;&#8212;&#8212;&#8212;&#8212;&#8212;&#8212;&#8211; Schreibsystem &#8212;&#8212;&#8211;<br \/>\nSchreibsystem: Fineliner, kann auch mit Tintenrollermine verwendet werden<\/p>\n<p>&#8212;&#8212;&#8212;&#8212;&#8212;&#8212;&#8212;&#8212;- Merkmale &#8212;&#8212;&#8212;&#8211;<br \/>\nKorpus: Dunkelblaue Kautschukoberfl\u00e4che mit platinierten Fenstern Kappe: Dunkelblaue Kautschukoberfl\u00e4che mit platinierten Fenstern Beschl\u00e4ge: Hochgl\u00e4nzende, platinierte Beschl\u00e4ge Clip: Hochgl\u00e4nzender, platinierter Clip mit eingepr\u00e4gtem Montblanc Schriftzug und Seriennummer Besondere Merkmale: Schwebendes Montblanc Emblem im transparenten Kappenkopf Montblanc pr\u00e4sentiert den StarWalker, eine Kollektion von Schreibger\u00e4ten f\u00fcr eine weltoffene, dynamische und selbstbewu\u00dfte Generation. Hochglanzpolierte und platinierte Beschl\u00e4ge sowie das schwebende Montblanc Signet in der transparenten Spitze der Kappe unterstreichen das innovative Design dieser Kollektion<\/p>\n<p>Zustand: NEU inkl. OVP<\/p>\n<p>Der seltene Rollerball wird inkl. Montblanc Box bietet diesen Artikel unter der Differenzbesteuerung an.<br \/>\nDaher wird die im Kaufpreis enthaltene Mehrwertsteuer in der Rechnung nicht ausdr\u00fccklich ausgewiesen<\/p>\n<p>Lieferumfang<br \/>\nEs wird genau das abgebildete Objekt mit dem abgebildeten Zubeh\u00f6r geliefert. Bedienungsanleitungen, Papiere, Revisionsnachweise, Uhren- oder Schmuckboxen sind nur dann im Lieferumfang enthalten, wenn sie in der Beschreibung genannt bzw. genannt werden. abgebildet sind.<\/p>\n<p>Bilder<br \/>\nAlle Fotos wurden von unserem Foto aufgenommen. Die Verwendung der durch uns ver\u00f6ffentlichten Bilder ist ohne unsere Genehmigung untersagt. Unsere Bilder sind sichtbar und unsichtbar gekennzeichnet. Zuwiderhandlung wird rechtlich verfolgt.","protected":false},"excerpt":{"rendered":"<p>MONTBLANC STARWALKER ROLLERBALL STARWALKER A380 SONDEREDITION NEUWERTIG + MONTBLANC BOX ORIGINAL HERGESTELLT IN DEUTSCHLAND Montblanc StarWalker Special Edition A380 &#8211; Id.Nr. 0103899 &#8211; Der Berg h\u00f6chste Europas steht gleichzeitig f\u00fcr h\u00f6chste Qualit\u00e4t. Seit 1924 vereint Montblanc Eleganz, Prestige und handwerkliche &hellip; <a class=\"kt-excerpt-readmore\" href=\"https:\/\/vip-auktionen.de\/en\/product\/montblanc-starwalker-a380-special-edition-rollerball-kugelschreiber-roller-pen-2\/\" aria-label=\"MONTBLANC Starwalker A380 Special Edition Rollerball Ballpoint Roller Pen\">Read More<\/a><\/p>\n","protected":false},"featured_media":31850,"template":"","meta":{"kt_blocks_editor_width":""},"product_brand":[],"product_cat":[1818,1794,1819],"product_tag":[],"class_list":{"0":"post-31849","1":"product","2":"type-product","3":"status-publish","4":"has-post-thumbnail","6":"product_cat-kugelschreiber","7":"product_cat-montblanc","8":"product_cat-rollerball","9":"product_shipping_class-500_2500","10":"pa_besonderheiten-clip","11":"pa_herstellernummer-1464","12":"pa_herstellungsland-und-region-deutschland","13":"pa_marke-montblanc","14":"pa_minenformat-rollerball","15":"pa_modell-starwalker-a380-rollerball","16":"pa_produktart-kugelschreiber","18":"first","19":"instock","20":"shipping-taxable","21":"purchasable","22":"product-type-simple"},"jetpack_sharing_enabled":true,"_links":{"self":[{"href":"https:\/\/vip-auktionen.de\/en\/wp-json\/wp\/v2\/product\/31849","targetHints":{"allow":["GET"]}}],"collection":[{"href":"https:\/\/vip-auktionen.de\/en\/wp-json\/wp\/v2\/product"}],"about":[{"href":"https:\/\/vip-auktionen.de\/en\/wp-json\/wp\/v2\/types\/product"}],"wp:featuredmedia":[{"embeddable":true,"href":"https:\/\/vip-auktionen.de\/en\/wp-json\/wp\/v2\/media\/31850"}],"wp:attachment":[{"href":"https:\/\/vip-auktionen.de\/en\/wp-json\/wp\/v2\/media?parent=31849"}],"wp:term":[{"taxonomy":"product_brand","embeddable":true,"href":"https:\/\/vip-auktionen.de\/en\/wp-json\/wp\/v2\/product_brand?post=31849"},{"taxonomy":"product_cat","embeddable":true,"href":"https:\/\/vip-auktionen.de\/en\/wp-json\/wp\/v2\/product_cat?post=31849"},{"taxonomy":"product_tag","embeddable":true,"href":"https:\/\/vip-auktionen.de\/en\/wp-json\/wp\/v2\/product_tag?post=31849"}],"curies":[{"name":"wp","href":"https:\/\/api.w.org\/{rel}","templated":true}]}}