{"id":30486,"date":"2024-09-02T20:07:05","date_gmt":"2024-09-02T18:07:05","guid":{"rendered":"https:\/\/vip-auktionen.de\/product\/tiffany-co-setting-solitar-ring-platin-pt-950-diamant-023ct-brillant-gr-52\/"},"modified":"2025-09-05T17:31:50","modified_gmt":"2025-09-05T15:31:50","slug":"tiffany-co-setting-solitar-ring-platin-pt-950-diamant-023ct-brillant-gr-52","status":"publish","type":"product","link":"https:\/\/vip-auktionen.de\/en\/product\/tiffany-co-setting-solitar-ring-platin-pt-950-diamant-023ct-brillant-gr-52\/","title":{"rendered":"Tiffany &#038; Co. Setting Ring 950 platinum and diamond 0.23ct. (size: 52)"},"content":{"rendered":"TIFFANY &amp; CO. SETTING RING<br \/>\n950 PLATIN &amp; 0,23CT BRILLANT<br \/>\nTOP-ZUSTAND + ORIGINAL BOX<\/p>\n<p>Tiffany &amp; Co.<br \/>\nDer Tiffany\u00ae Setting Verlobungsring in Platin Tiffany Setting Verlobungsring aus 950er Platin besetzt mit einem Diamanten im Brillantschliff 0,23ct.<\/p>\n<p>Ringgr\u00f6\u00dfe: 52 (16,5 mm \u00d8) Der Tiffany\u00ae Setting Verlobungsring ist ein wahres Design-Meisterst\u00fcck und wohl der ber\u00fchmteste Verlobungsring der Welt.<\/p>\n<p>Die makellose Verarbeitung l\u00e4sst\u00a0die 6-fache Krappenfassung schnell verschwinden. Auf diese Weise schwebt der funkelnde Diamant \u00fcber dem Ring und erhebt sich wunderbar ins Licht. Das Ergebnis ist ein Ring von solcher Sch\u00f6nheit,\u00a0dass er seit \u00fcber 130 Jahren ein Symbol f\u00fcr die gr\u00f6\u00dften Liebesgeschichten der Welt ist.<\/p>\n<p>Im Dienste der Liebe Die Kunst des Schleifens und Polierens eines Edelsteins bestimmt die Qualit\u00e4t (und den Preis) eines Diamanten. Bei Tiffany stellen fast 1.500 der talentiertesten Kunsthandwerker der Welt Diamanten nach den h\u00f6chsten Standards her, wobei die Sch\u00f6nheit immer Vorrang vor dem Karatgewicht hat. Jeder Tiffany Diamant Pr\u00e4zision vereint unbeirrte Leidenschaft und Technik \u2013 und somit das Mindeste, was Ihre Liebe verdient hat.<\/p>\n<p>Legend\u00e4re Diamanten seit 1837 Tiffany &amp; Co. Verlobungsringe gelten als Inbegriff von Exzellenz. Sie sind das Ergebnis einer engen Kooperation zwischen K\u00fcnstler und Juwelier, die ein harmonisches Zusammenspiel aus traditioneller Handwerkskunst, modernem Design und den sch\u00f6nsten Diamanten der Welt hervorbringt.<\/p>\n<p>Zustand: TOP-Zustand inkl. Originalverpackung","protected":false},"excerpt":{"rendered":"<p>TIFFANY &amp; CO. SETTING RING 950 PLATIN &amp; 0,23CT BRILLANT TOP-ZUSTAND + ORIGINAL BOX Tiffany &amp; Co. Der Tiffany\u00ae Setting Verlobungsring in Platin Tiffany Setting Verlobungsring aus 950er Platin besetzt mit einem Diamanten im Brillantschliff 0,23ct. Ringgr\u00f6\u00dfe: 52 (16,5 mm &hellip; <a class=\"kt-excerpt-readmore\" href=\"https:\/\/vip-auktionen.de\/en\/product\/tiffany-co-setting-solitar-ring-platin-pt-950-diamant-023ct-brillant-gr-52\/\" aria-label=\"Tiffany &#038; Co. Setting Ring 950 platinum and diamond 0.23ct. (size: 52)\">Read More<\/a><\/p>\n","protected":false},"featured_media":30487,"template":"","meta":{"kt_blocks_editor_width":""},"product_brand":[],"product_cat":[1802,2028],"product_tag":[],"class_list":{"0":"post-30486","1":"product","2":"type-product","3":"status-publish","4":"has-post-thumbnail","6":"product_cat-ringe","7":"product_cat-tiffany","8":"product_shipping_class-500_2500","9":"pa_anlass-geburtstag","10":"pa_anlass-hochzeit","11":"pa_anlass-jahrestag","12":"pa_anlass-konfirmation-kommunion","13":"pa_anlass-muttertag","14":"pa_anlass-valentinstag","15":"pa_anlass-verlobung","16":"pa_anlass-weihnachten","17":"pa_anzahl-der-diamanten-1259","18":"pa_basismetall-platinum","19":"pa_fassung-solitaer","20":"pa_feingehalt-950er","21":"pa_gesamtgewicht-in-karat-541","22":"pa_grose-size-52-165-mm-usa-6-england-l-1-2","23":"pa_hauptstein-diamant","24":"pa_hauptstein-behandlung-unbehandelt","25":"pa_hauptstein-herstellungsprozes-naturlich","26":"pa_hauptsteinform-brilliantschliff","27":"pa_herstellernummer-2179","28":"pa_individualisiert-nein","29":"pa_kollektion-tiffany-co-setting","30":"pa_marke-tiffany-co","31":"pa_metall-platin","32":"pa_modell-tiffany-co-the-tiffany-setting","33":"pa_produktart-ring","34":"pa_ringgrose-52-165-mm-o","35":"pa_schliff-sehr-gut","36":"pa_signiert-ja","37":"pa_stil-solitaer","38":"pa_zertifikat-ohne","40":"first","41":"instock","42":"shipping-taxable","43":"purchasable","44":"product-type-simple"},"jetpack_sharing_enabled":true,"_links":{"self":[{"href":"https:\/\/vip-auktionen.de\/en\/wp-json\/wp\/v2\/product\/30486","targetHints":{"allow":["GET"]}}],"collection":[{"href":"https:\/\/vip-auktionen.de\/en\/wp-json\/wp\/v2\/product"}],"about":[{"href":"https:\/\/vip-auktionen.de\/en\/wp-json\/wp\/v2\/types\/product"}],"wp:featuredmedia":[{"embeddable":true,"href":"https:\/\/vip-auktionen.de\/en\/wp-json\/wp\/v2\/media\/30487"}],"wp:attachment":[{"href":"https:\/\/vip-auktionen.de\/en\/wp-json\/wp\/v2\/media?parent=30486"}],"wp:term":[{"taxonomy":"product_brand","embeddable":true,"href":"https:\/\/vip-auktionen.de\/en\/wp-json\/wp\/v2\/product_brand?post=30486"},{"taxonomy":"product_cat","embeddable":true,"href":"https:\/\/vip-auktionen.de\/en\/wp-json\/wp\/v2\/product_cat?post=30486"},{"taxonomy":"product_tag","embeddable":true,"href":"https:\/\/vip-auktionen.de\/en\/wp-json\/wp\/v2\/product_tag?post=30486"}],"curies":[{"name":"wp","href":"https:\/\/api.w.org\/{rel}","templated":true}]}}