{"id":30325,"date":"2023-09-07T14:40:45","date_gmt":"2023-09-07T12:40:45","guid":{"rendered":"https:\/\/vip-auktionen.de\/product\/montblanc-meisterstuck-solitaire-doue-signum-kugelschreiber-pen-stylo-bille-8579\/"},"modified":"2025-09-05T17:22:53","modified_gmt":"2025-09-05T15:22:53","slug":"montblanc-meisterstuck-solitaire-doue-signum-kugelschreiber-pen-stylo-bille-8579","status":"publish","type":"product","link":"https:\/\/vip-auktionen.de\/en\/product\/montblanc-meisterstuck-solitaire-doue-signum-kugelschreiber-pen-stylo-bille-8579\/","title":{"rendered":"MONTBLANC Meisterst\u00fcck Solitaire Dou\u00e9 Stainless Steel Signum Ballpoint Pen 8579"},"content":{"rendered":"MONTBLANC MEISTERST\u00dcCK BALLPOINT PEN<br \/>\nSOLITAIRE DOUE SIGNUM STAINLESS STEEL<br \/>\nORIGINAL MONTBLANC BOX \/ 08579<\/p>\n<p>MONTBLANC SOLITAIRE DOUE SIGNUM STAINLESS STEEL<br \/>\nThe highest mountain in Europe also stands for the highest quality. Since 1924, Montblanc has combined elegance, prestige and perfect craftsmanship in its writing instruments.<\/p>\n<p>Meisterst\u00fcck Solitaire Dou\u00e9 Stainless Steel combines Montblanc&#8217;s classic design with unique materials. This writing instrument made of black precious resin and stainless steel conveys the individuality of every Montblanc Meisterst\u00fcck Solitaire Dou\u00e9 Signum Stainless Steel Classique ballpoint pen, body made of black precious resin with Montblanc Signum surface, cap made of stainless steel with Montblanc emblem inlay, platinum-plated clip and rings.<\/p>\n<p>Features:<br \/>\n\u2022\u00a0\u00a0 Writing system: Ballpoint pen<br \/>\n\u2022\u00a0\u00a0 Body: Black precious resin with Montblanc Signum surface<br \/>\n\u2022\u00a0\u00a0 Cap: High-quality stainless steel with Montblanc emblem as inlay<br \/>\n\u2022\u00a0\u00a0 Fittings: Three rings made of high-quality stainless steel with embossed Montblanc lettering<br \/>\n\u2022\u00a0\u00a0 Clip: Platinum-plated clip with individual serial number<\/p>\n<p>An icon of writing culture\u2026 Montblanc Meisterst\u00fcck has been manufactured in almost unchanged form for years. It is one of the most important and popular writing instruments of our time. The rare writing instrument is in mint condition and is offered including the original Monblanc box<\/p>\n<p>This article is subject to differential taxation. Therefore, the VAT amounts included in the purchase price are not shown separately on the invoice.<\/p>\n<p>For the lover and collector of accessories with that certain difference","protected":false},"excerpt":{"rendered":"<p>MONTBLANC MEISTERST\u00dcCK BALLPOINT PEN SOLITAIRE DOUE SIGNUM STAINLESS STEEL ORIGINAL MONTBLANC BOX \/ 08579 MONTBLANC SOLITAIRE DOUE SIGNUM STAINLESS STEEL The highest mountain in Europe also stands for the highest quality. Since 1924, Montblanc has combined elegance, prestige and perfect &hellip; <a class=\"kt-excerpt-readmore\" href=\"https:\/\/vip-auktionen.de\/en\/product\/montblanc-meisterstuck-solitaire-doue-signum-kugelschreiber-pen-stylo-bille-8579\/\" aria-label=\"MONTBLANC Meisterst\u00fcck Solitaire Dou\u00e9 Stainless Steel Signum Ballpoint Pen 8579\">Read More<\/a><\/p>\n","protected":false},"featured_media":30326,"template":"","meta":{"kt_blocks_editor_width":""},"product_brand":[],"product_cat":[1818,1794],"product_tag":[],"class_list":{"0":"post-30325","1":"product","2":"type-product","3":"status-publish","4":"has-post-thumbnail","6":"product_cat-kugelschreiber","7":"product_cat-montblanc","8":"product_shipping_class-500_2500","9":"pa_besonderheiten-clip","10":"pa_besonderheiten-drehmechanik","11":"pa_herstellernummer-2141","12":"pa_herstellungsland-und-region-deutschland","13":"pa_marke-montblanc","14":"pa_modell-montblanc-meisterstuck-solitaire-doue-signum","15":"pa_produktart-kugelschreiber","17":"first","18":"instock","19":"shipping-taxable","20":"purchasable","21":"product-type-simple"},"jetpack_sharing_enabled":true,"_links":{"self":[{"href":"https:\/\/vip-auktionen.de\/en\/wp-json\/wp\/v2\/product\/30325","targetHints":{"allow":["GET"]}}],"collection":[{"href":"https:\/\/vip-auktionen.de\/en\/wp-json\/wp\/v2\/product"}],"about":[{"href":"https:\/\/vip-auktionen.de\/en\/wp-json\/wp\/v2\/types\/product"}],"wp:featuredmedia":[{"embeddable":true,"href":"https:\/\/vip-auktionen.de\/en\/wp-json\/wp\/v2\/media\/30326"}],"wp:attachment":[{"href":"https:\/\/vip-auktionen.de\/en\/wp-json\/wp\/v2\/media?parent=30325"}],"wp:term":[{"taxonomy":"product_brand","embeddable":true,"href":"https:\/\/vip-auktionen.de\/en\/wp-json\/wp\/v2\/product_brand?post=30325"},{"taxonomy":"product_cat","embeddable":true,"href":"https:\/\/vip-auktionen.de\/en\/wp-json\/wp\/v2\/product_cat?post=30325"},{"taxonomy":"product_tag","embeddable":true,"href":"https:\/\/vip-auktionen.de\/en\/wp-json\/wp\/v2\/product_tag?post=30325"}],"curies":[{"name":"wp","href":"https:\/\/api.w.org\/{rel}","templated":true}]}}