{"id":29460,"date":"2023-08-29T15:23:04","date_gmt":"2023-08-29T13:23:04","guid":{"rendered":"https:\/\/vip-auktionen.de\/product\/cartier-ballerine-bague-ring-platin-trauring-ehering-wedding-band-platinum-52\/"},"modified":"2025-09-05T17:24:03","modified_gmt":"2025-09-05T15:24:03","slug":"cartier-ballerine-bague-ring-platin-trauring-ehering-wedding-band-platinum-52","status":"publish","type":"product","link":"https:\/\/vip-auktionen.de\/en\/product\/cartier-ballerine-bague-ring-platin-trauring-ehering-wedding-band-platinum-52\/","title":{"rendered":"CARTIER Ehering \u201eBALLERINE\u201c 950 Platin (Gr\u00f6\u00dfe 52)"},"content":{"rendered":"<strong>CARTIER RING AUS 950 PLATIN<\/strong><br \/>\n<strong>BALLERINE TRAURING \/ B4092800<\/strong><br \/>\n<strong>TOP-ZUSTAND + CARTIER BOX<\/strong><br \/>\nORIGINAL<br \/>\nMust de Cartier<br \/>\nPARIS<br \/>\nMade in France<\/p>\n<p>CARTIER WEDDING RING \u201eBALLERINE\u201c 950 PLATIN<br \/>\nDer Schmuck von Cartier hat Geschichte geschrieben. Die verschiedenen Kollektionen verzaubern durch ihre \u00c4sthetik und raffinierte Eleganz. Klassisch oder zeitgen\u00f6ssisch Unterstreichen Schmuckst\u00fccke von Cartier<br \/>\ndie Pers\u00f6nlichkeit ihres Tr\u00e4gers. Die Verlobungs- und Eheringe von Cartier aus Gelbgold, Wei\u00dfgold oder Platin sagen mehr als Worte. Verlobungsringe, Ringe, Eheringe aus Gold oder mit Diamanten&#8230;<\/p>\n<p>Cartier verleiht den besonderen Momenten im Leben durch ausdrucksstarke Geschenke eine besondere Bedeutung. Seit Jahren vertrauen ber\u00fchmte Pers\u00f6nlichkeiten auf Cartier, um ihre Gef\u00fchle auf eindrucksvolle<br \/>\nWeise zum Ausdruck zu bringen.<\/p>\n<p>CARTIER BALLERINE TRAURING<br \/>\nGeschwungener Ballerine Trauring aus 950er Platin, Breite: 2 mm.<br \/>\nGr\u00f6\u00dfe: 52 \/ 16,5 mm Durchmesser<\/p>\n<p><strong>Der Ring befindet sich in einem TOP-Zustand und wird inkl. Original Cartier Box angeboten<\/strong>","protected":false},"excerpt":{"rendered":"<p>CARTIER RING AUS 950 PLATIN BALLERINE TRAURING \/ B4092800 TOP-ZUSTAND + CARTIER BOX ORIGINAL Must de Cartier PARIS Made in France CARTIER WEDDING RING \u201eBALLERINE\u201c 950 PLATIN Der Schmuck von Cartier hat Geschichte geschrieben. Die verschiedenen Kollektionen verzaubern durch ihre &hellip; <a class=\"kt-excerpt-readmore\" href=\"https:\/\/vip-auktionen.de\/en\/product\/cartier-ballerine-bague-ring-platin-trauring-ehering-wedding-band-platinum-52\/\" aria-label=\"CARTIER Ehering \u201eBALLERINE\u201c 950 Platin (Gr\u00f6\u00dfe 52)\">Read More<\/a><\/p>\n","protected":false},"featured_media":29461,"template":"","meta":{"kt_blocks_editor_width":""},"product_brand":[],"product_cat":[1795,1802],"product_tag":[],"class_list":{"0":"post-29460","1":"product","2":"type-product","3":"status-publish","4":"has-post-thumbnail","6":"product_cat-cartier","7":"product_cat-ringe","8":"product_shipping_class-500_2500","9":"pa_anlass-geburtstag","10":"pa_anlass-hochzeit","11":"pa_anlass-jahrestag","12":"pa_anlass-muttertag","13":"pa_anlass-valentinstag","14":"pa_anlass-verlobung","15":"pa_anlass-weihnachten","16":"pa_basismetall-platinum","17":"pa_feingehalt-950er","18":"pa_hauptstein-ohne-stein","19":"pa_herstellernummer-b4092800-b4092852","20":"pa_herstellungsland-und-region-frankreich","21":"pa_individualisiert-nein","22":"pa_kollektion-cartier-ballerine","23":"pa_marke-cartier","24":"pa_metall-platin","25":"pa_produktart-ring","26":"pa_ring-breite-2-mm","27":"pa_ringgrose-52-165-mm-o","28":"pa_signiert-ja","29":"pa_stil-wedding","30":"pa_zertifikat-cartier","32":"first","33":"instock","34":"shipping-taxable","35":"purchasable","36":"product-type-simple"},"jetpack_sharing_enabled":true,"_links":{"self":[{"href":"https:\/\/vip-auktionen.de\/en\/wp-json\/wp\/v2\/product\/29460","targetHints":{"allow":["GET"]}}],"collection":[{"href":"https:\/\/vip-auktionen.de\/en\/wp-json\/wp\/v2\/product"}],"about":[{"href":"https:\/\/vip-auktionen.de\/en\/wp-json\/wp\/v2\/types\/product"}],"wp:featuredmedia":[{"embeddable":true,"href":"https:\/\/vip-auktionen.de\/en\/wp-json\/wp\/v2\/media\/29461"}],"wp:attachment":[{"href":"https:\/\/vip-auktionen.de\/en\/wp-json\/wp\/v2\/media?parent=29460"}],"wp:term":[{"taxonomy":"product_brand","embeddable":true,"href":"https:\/\/vip-auktionen.de\/en\/wp-json\/wp\/v2\/product_brand?post=29460"},{"taxonomy":"product_cat","embeddable":true,"href":"https:\/\/vip-auktionen.de\/en\/wp-json\/wp\/v2\/product_cat?post=29460"},{"taxonomy":"product_tag","embeddable":true,"href":"https:\/\/vip-auktionen.de\/en\/wp-json\/wp\/v2\/product_tag?post=29460"}],"curies":[{"name":"wp","href":"https:\/\/api.w.org\/{rel}","templated":true}]}}