{"id":26638,"date":"2023-03-01T20:04:07","date_gmt":"2023-03-01T19:04:07","guid":{"rendered":"https:\/\/vip-auktionen.de\/product\/montblanc-urban-spirit-gold-leaf-cufflinks-manschettenknoepfe-rare-tokyo-edition\/"},"modified":"2025-09-05T17:16:38","modified_gmt":"2025-09-05T15:16:38","slug":"montblanc-urban-spirit-gold-leaf-cufflinks-manschettenknoepfe-rare-tokyo-edition","status":"publish","type":"product","link":"https:\/\/vip-auktionen.de\/en\/product\/montblanc-urban-spirit-gold-leaf-cufflinks-manschettenknoepfe-rare-tokyo-edition\/","title":{"rendered":"MONTBLANC URBAN SPIRIT GOLD LEAF CUFFLINKS MANSCHETTENKN\u00d6PFE RARE TOKYO EDITION"},"content":{"rendered":"<p>     Willkommen bei VIP Auktionen                               \t\t  \t\t   \t\t\t               <b>Herzlich Willkommen bei VIP-AUKTIONEN. Besuchen Sie unseren     Shop st\u00e4ndig interessante Angebote zu fairen Konditionen.<\/b>                <b>Welcome to VIP-AUKTIONEN. Visit our      shop constantly interesting offers at fair conditions.<\/b>           \t\t    \t  \t\t\t   \t\t\t  \t\t\t\t  \t\t\t\t  \t\t\t\t\t    \t\t&nbsp;  \t\t&nbsp;  \t\t  \t\t<b>Kontakt<\/b>  \t\t<b>Contact<\/b>  \t\t<b>Shop<\/b>            \t\t\t\t\t   MONTBLANC MANSCHETTENKN\u00d6PFE<br \/>MEN\u2019S URBAN-SPIRIT COLLECTION<br \/>BOUTONS DE MANCHETTE 114775  <\/p>\n<p class=\"MsoNormal\" style=\"TEXT-ALIGN: center; MARGIN: 0cm 0cm 12pt; LINE-HEIGHT: normal\" align=\"center\"><b><i>ORIGINAL<\/p>\n<p><\/i><\/b><b>Montblanc<br \/><\/b><b><i><br \/>MADE IN GERMANY<br \/><\/i><\/b><b><\/p>\n<p><\/b><b>URBAN-SPIRIT COLLECTION<\/b><b><\/b><\/p>\n<p class=\"MsoNormal\" style=\"TEXT-ALIGN: center; MARGIN: 0cm 0cm 12pt; LINE-HEIGHT: normal\" align=\"center\"><b><br \/><\/b><b>Ein&nbsp;eleganter und zeitloser Luxus,<\/p>\n<p>exklusive Manschettenkn\u00f6pfe<\/p>\n<p>der Nobelmarke Montblanc<br \/><\/b><\/p>\n<p>Der Montblanc &#8211; Europas h\u00f6chster Berg.<\/p>\n<p>Ein Ort, der in seiner majest\u00e4tischen Gestalt<\/p>\n<p>zum Innehalten einl\u00e4dt. Seine \u00fcberragende<\/p>\n<p>Gr\u00f6\u00dfe wurde zum Anspruch der Marke,<\/p>\n<p>sein wei\u00dfer Gipfelstern zum Markensignet &#8211;<\/p>\n<p>und der Name Montblanc zum Inbegriff f\u00fcr<\/p>\n<p>traditionelle Handwerkskunst, h\u00f6chste Qualit\u00e4t<\/p>\n<p>und zeitloses Design. Seit nunmehr 100 Jahren<br \/><b style=\"mso-bidi-font-weight: normal\"><\/p>\n<p>Urban Spirit Collection<\/b><\/p>\n<p class=\"MsoNormal\" style=\"TEXT-ALIGN: center; MARGIN: 0cm 0cm 12pt; LINE-HEIGHT: normal\" align=\"center\"><b style=\"mso-bidi-font-weight: normal\">&#8211; Gold Leaf &#8211;<\/p>\n<p><\/b><b><br \/>Urban Spirit Manschettenkn\u00f6pfe sind<\/b><\/p>\n<p class=\"MsoNormal\" style=\"TEXT-ALIGN: center; MARGIN: 0cm 0cm 12pt; LINE-HEIGHT: normal\" align=\"center\"><b>ein Spiegel ihrer Zeit. Aus Edelstahl<\/b><\/p>\n<p class=\"MsoNormal\" style=\"TEXT-ALIGN: center; MARGIN: 0cm 0cm 12pt; LINE-HEIGHT: normal\" align=\"center\"><b>gefertigt und mit goldenen Elementen<\/b><\/p>\n<p class=\"MsoNormal\" style=\"TEXT-ALIGN: center; MARGIN: 0cm 0cm 12pt; LINE-HEIGHT: normal\" align=\"center\"><b>versehen, bieten diese Schmuckst\u00fccke<\/b><\/p>\n<p class=\"MsoNormal\" style=\"TEXT-ALIGN: center; MARGIN: 0cm 0cm 12pt; LINE-HEIGHT: normal\" align=\"center\"><b>unendliche M\u00f6glichkeiten, um den<\/b><\/p>\n<p class=\"MsoNormal\" style=\"TEXT-ALIGN: center; MARGIN: 0cm 0cm 12pt; LINE-HEIGHT: normal\" align=\"center\"><b>eigenen Stil und die individuelle<\/b><\/p>\n<p class=\"MsoNormal\" style=\"TEXT-ALIGN: center; MARGIN: 0cm 0cm 12pt; LINE-HEIGHT: normal\" align=\"center\"><b>Pers\u00f6nlichkeit zu unterstreichen.<\/b><\/p>\n<p class=\"MsoNormal\" style=\"TEXT-ALIGN: center; MARGIN: 0cm 0cm 12pt; LINE-HEIGHT: normal\" align=\"center\">&nbsp;<b style=\"mso-bidi-font-weight: normal\">Merkmale<\/b><\/p>\n<p class=\"MsoNormal\" style=\"TEXT-ALIGN: center; MARGIN: 0cm 0cm 12pt; LINE-HEIGHT: normal\" align=\"center\"><b style=\"mso-bidi-font-weight: normal\">Metall: Edelstahl<\/b><\/p>\n<p class=\"MsoNormal\" style=\"TEXT-ALIGN: center; MARGIN: 0cm 0cm 12pt; LINE-HEIGHT: normal\" align=\"center\"><b style=\"mso-bidi-font-weight: normal\">Finish: Poliert<\/b><\/p>\n<p class=\"MsoNormal\" style=\"TEXT-ALIGN: center; MARGIN: 0cm 0cm 12pt; LINE-HEIGHT: normal\" align=\"center\"><b style=\"mso-bidi-font-weight: normal\">Mechanismus: Falte<\/b><\/p>\n<p class=\"MsoNormal\" style=\"TEXT-ALIGN: center; MARGIN: 0cm 0cm 12pt; LINE-HEIGHT: normal\" align=\"center\"><b>&nbsp;<\/b><\/p>\n<p class=\"MsoNormal\" style=\"TEXT-ALIGN: center; MARGIN: 0cm 0cm 12pt; LINE-HEIGHT: normal\" align=\"center\"><b>Zeitloser Luxus<\/b><b><\/b><\/p>\n<p class=\"MsoNormal\" style=\"TEXT-ALIGN: center; MARGIN: 0cm 12pt 8pt 35.25pt; LINE-HEIGHT: 12pt; TEXT-INDENT: -18pt; mso-margin-top-alt: auto; mso-margin-bottom-alt: auto; tab-stops: list 36.0pt\" align=\"center\"><b>Wenn Manschettenkn\u00f6pfe etwas \u00fcber die<\/b><\/p>\n<p class=\"MsoNormal\" style=\"TEXT-ALIGN: center; MARGIN: 0cm 12pt 8pt 35.25pt; LINE-HEIGHT: 12pt; TEXT-INDENT: -18pt; mso-margin-top-alt: auto; mso-margin-bottom-alt: auto; tab-stops: list 36.0pt\" align=\"center\"><b>Pers\u00f6nlichkeit<\/b><b> <\/b><b style=\"mso-bidi-font-weight: normal\">eines Mannes aussagen, dann<\/b><\/p>\n<p class=\"MsoNormal\" style=\"TEXT-ALIGN: center; MARGIN: 0cm 12pt 8pt 35.25pt; LINE-HEIGHT: 12pt; TEXT-INDENT: -18pt; mso-margin-top-alt: auto; mso-margin-bottom-alt: auto; tab-stops: list 36.0pt\" align=\"center\"><b style=\"mso-bidi-font-weight: normal\">sind die Schmuckaccessoires von Montblanc<\/b><\/p>\n<p class=\"MsoNormal\" style=\"TEXT-ALIGN: center; MARGIN: 0cm 12pt 8pt 35.25pt; LINE-HEIGHT: 12pt; TEXT-INDENT: -18pt; mso-margin-top-alt: auto; mso-margin-bottom-alt: auto; tab-stops: list 36.0pt\" align=\"center\"><b style=\"mso-bidi-font-weight: normal\">ein echtes Statement. Die Manschettenkn\u00f6pfe<\/b><\/p>\n<p class=\"MsoNormal\" style=\"TEXT-ALIGN: center; MARGIN: 0cm 12pt 8pt 35.25pt; LINE-HEIGHT: 12pt; TEXT-INDENT: -18pt; mso-margin-top-alt: auto; mso-margin-bottom-alt: auto; tab-stops: list 36.0pt\" align=\"center\"><b style=\"mso-bidi-font-weight: normal\">der Montblanc Urban-Spirit Collection k\u00f6nnen<\/b><\/p>\n<p class=\"MsoNormal\" style=\"TEXT-ALIGN: center; MARGIN: 0cm 12pt 8pt 35.25pt; LINE-HEIGHT: 12pt; TEXT-INDENT: -18pt; mso-margin-top-alt: auto; mso-margin-bottom-alt: auto; tab-stops: list 36.0pt\" align=\"center\"><b style=\"mso-bidi-font-weight: normal\">zu allen Gelegenheiten getragen werden<\/b><\/p>\n<p class=\"MsoNormal\" style=\"TEXT-ALIGN: center; MARGIN: 0cm 12pt 8pt 35.25pt; LINE-HEIGHT: 12pt; TEXT-INDENT: -18pt; mso-margin-top-alt: auto; mso-margin-bottom-alt: auto; tab-stops: list 36.0pt\" align=\"center\"><b>&nbsp;<\/b><\/p>\n<p class=\"MsoNormal\" style=\"TEXT-ALIGN: center; MARGIN: 0cm 12pt 8pt 35.25pt; LINE-HEIGHT: 12pt; TEXT-INDENT: -18pt; mso-margin-top-alt: auto; mso-margin-bottom-alt: auto; tab-stops: list 36.0pt\" align=\"center\"><b>Zustand: Neu inkl. OVP<\/b><\/p>\n<p class=\"MsoNormal\" style=\"TEXT-ALIGN: center; MARGIN: 0cm 12pt 8pt 35.25pt; LINE-HEIGHT: 12pt; TEXT-INDENT: -18pt; mso-margin-top-alt: auto; mso-margin-bottom-alt: auto; tab-stops: list 36.0pt\" align=\"center\"><b>&nbsp;<\/b><\/p>\n<p class=\"MsoNormal\" style=\"TEXT-ALIGN: center; MARGIN: 0cm 12pt 8pt 35.25pt; LINE-HEIGHT: 12pt; TEXT-INDENT: -18pt; mso-margin-top-alt: auto; mso-margin-bottom-alt: auto; tab-stops: list 36.0pt\" align=\"center\"><b>Dieser Artikel unterliegt der<\/b><\/p>\n<p class=\"MsoNormal\" style=\"TEXT-ALIGN: center; MARGIN: 0cm 12pt 8pt 35.25pt; LINE-HEIGHT: 12pt; TEXT-INDENT: -18pt; mso-margin-top-alt: auto; mso-margin-bottom-alt: auto; tab-stops: list 36.0pt\" align=\"center\"><b>Differenzbesteuerung. Daher wird die<\/b><\/p>\n<p class=\"MsoNormal\" style=\"TEXT-ALIGN: center; MARGIN: 0cm 12pt 8pt 35.25pt; LINE-HEIGHT: 12pt; TEXT-INDENT: -18pt; mso-margin-top-alt: auto; mso-margin-bottom-alt: auto; tab-stops: list 36.0pt\" align=\"center\"><b>im Kaufpreis enthaltene Mehrwertsteuer in<\/b><\/p>\n<p class=\"MsoNormal\" style=\"TEXT-ALIGN: center; MARGIN: 0cm 12pt 8pt 35.25pt; LINE-HEIGHT: 12pt; TEXT-INDENT: -18pt; mso-margin-top-alt: auto; mso-margin-bottom-alt: auto; tab-stops: list 36.0pt\" align=\"center\"><b>der Rechnung nicht gesondert ausgewiesen<\/b><\/p>\n<p class=\"MsoNormal\" style=\"TEXT-ALIGN: center; MARGIN: 0cm 12pt 8pt 35.25pt; LINE-HEIGHT: 12pt; TEXT-INDENT: -18pt; mso-margin-top-alt: auto; mso-margin-bottom-alt: auto; tab-stops: list 36.0pt\" align=\"center\"><b><i>&nbsp;<\/i><\/b><\/p>\n<p class=\"MsoNormal\" style=\"TEXT-ALIGN: center; MARGIN: 0cm 12pt 8pt 35.25pt; LINE-HEIGHT: 12pt; TEXT-INDENT: -18pt; mso-margin-top-alt: auto; mso-margin-bottom-alt: auto; tab-stops: list 36.0pt\" align=\"center\"><b><i>F\u00fcr den Liebhaber und Sammler von<\/i><\/b><\/p>\n<p class=\"MsoNormal\" style=\"TEXT-ALIGN: center; MARGIN: 0cm 12pt 8pt 35.25pt; LINE-HEIGHT: 12pt; TEXT-INDENT: -18pt; mso-margin-top-alt: auto; mso-margin-bottom-alt: auto; tab-stops: list 36.0pt\" align=\"center\"><b><i>Accessoires mit dem gewissen Unterschied<\/i><\/b><\/p>\n<p>    \t\t\t\t\t  \t\t\t\t\t  \t\t\t\t\t Lieferumfang \t\t\t\t\t\t  \t\t\t\t\t\t<\/p>\n<p>Es wird genau das abgebildete Objekt mit dem abgebildeten Zubeh\u00f6r geliefert.   Bedienungsanleitungen, Papiere, Revisionsnachweise, Uhren- oder Schmuckboxen sind nur dann im Lieferumfang enthalten,  wenn sie in der Beschreibung genannt bzw. abgebildet sind.  <\/p>\n<p>  \t\t\t\t     \t\t\t\t   \t\t\t\t\t Bilder \t\t\t\t\t\t  \t\t\t\t\t\t<\/p>\n<p>Alle Fotos wurden von unserem Fotograph aufgenommen.   Die Verwendung der durch uns ver\u00f6ffentlichten Bilder ist ohne unsere Genehmigung untersagt.   Unsere Bilder sind sichtbar und unsichtbar gekennzeichnet.   Zuwiderhandlung wird rechtlich verfolgt.  <\/p>\n<p>  \t\t\t\t   \t\t\t\t\t \u00dcber uns  \t\t\t\t\t <\/p>\n<p><b>VIP-Auktionen<\/b> ist seit vielen Jahren ein spezialisiertes Unternehmen f\u00fcr den Verkauf von Luxusaccessoires,   hochwertigen Schreibger\u00e4ten, noblen Uhren und Markenschmuck.   Wir versuchen Ihnen st\u00e4ndig interessante und seltene Objekte anzubieten.   In unserem <b>Shop<\/b>   finden Sie ausgesuchte und wertvolle Schmuckst\u00fccke, exklusive Uhren, limitierte Schreibger\u00e4te, seltene Lederaccessoires zu attraktiven Preisen.   Wir verkaufen ausschlie\u00dflich originale und gepr\u00fcfte Markenartikel und Sammlerst\u00fccke.   Unsere zahlreichen Kunden haben das durch Ihre Bewertungen und Kundentreue schon best\u00e4tigt.  <\/p>\n<p> \t\t\t\t\t\t\t  \t\t\t\t\t     \t\t\t\t\t  \t\t\t\t\t Ein Plus an Service  \t\t\t\t\t\t  \t\t\t\t\t\t<\/p>\n<p><b>VIP-Auktionen<\/b> &#8211; ist ein gepr\u00fcftes Mitglied mit Top-Bewertungen und bietet Ihnen ein hohes Ma\u00df an Professionalit\u00e4t und Kundenn\u00e4he.   Das bedeutet u.a. gepr\u00fcfte Serviceleistung, exzellente K\u00e4uferbewertungen, schnelle Lieferung und professionelle Kommunikation.  Unser Bewertungsprofil ist ein Barometer der Kundenzufriedenheit.  Wir versuchen den angegebenen Artikel so genau wie m\u00f6glich zu beschreiben.   Sollten Sie dennoch mit dem ersteigerten Artikel unzufrieden sein, kontaktieren Sie uns bitte, denn f\u00fcr jedes Problem gibt es eine L\u00f6sung.  <\/p>\n<p>  \t\t\t\t       \t\t\t\t\t Ankauf \/ Inzahlungnahme \/ Tausch \t\t\t\t\t\t  \t\t\t\t\t\t<\/p>\n<p>Sie haben besondere St\u00fccke die Sie in gute H\u00e4nde geben m\u00f6chten? Wir sind stets am Ankauf von hochwertigen Accessoires Uhren und Schmuck interessiert.   Wir kaufen Einzelst\u00fccke sowie Ihre gesamte Sammlung.   Wir bieten Ihnen auch eine Inzahlungnahme an.   Scans digitale Fotos oder andere hilfreiche Informationen sind sehr willkommen.   <\/p>\n<p>  \t\t\t\t       \t\t\t\t\t Lieferungs- und Zahlungsinformationen    Bezahlung\t\t\t\t\t\t  \t\t\t\t\t\t<\/p>\n<p>Wir bevorzugen Bank\u00fcberweisung, aber akzeptieren auch Zahlungen via PayPal.   Unsere Bankverbindung ist bei Ebay hinterlegt und wird auf Anfrage umgehend mitgeteilt.   F\u00fcr eine schnellstm\u00f6gliche Abwicklung, k\u00f6nnen Sie unsere Kontodaten sofort nach dem Angebotsende in der Kaufabwicklung,  oder in der von eBay verschickten Abschluss-E-Mail einsehen.   Wollen Sie die Kaufabwicklung von eBay nicht nutzen, schreiben Sie uns bitte eine E-Mail um die Kontodaten zu erfahren.  Wir m\u00f6chten Sie bitten den gekauften Artikel innerhalb von 10 Tagen zu bezahlen.  <\/p>\n<p>    Lieferung\t\t\t\t\t\t  \t\t\t\t\t\t<\/p>\n<p>Sofort nach Zahlungseingang liefern wir die Ware mit dem Paketdienst deutschlandweit innerhalb 1-3 Tagen.   (Feiertage &amp; Wochenende ausgeschlossen). Bitte beachten Sie, dass eine \u00dcberweisung je nach Bankinstitut bis zu 2 Werktage dauern kann.   Wir k\u00f6nnen erst dann den Versand steuern, wenn wir den Geldeingang verbucht haben.  Hochwertige Ware befindet sich in einem gesicherten Lager, so dass sich der Versand um ca. 24 Stunden verz\u00f6gert.  <\/p>\n<p>   \t\t\t\t        \t\t\t\t\t Besichtigung \t\t\t\t\t\t  \t\t\t\t\t\t<\/p>\n<p>Da sich die Ware in sicherer Verwahrung befindet, ist eine Besichtigung ohne vorheriger Absprache nicht m\u00f6glich.<\/p>\n<p>  \t\t\t\t       \t\t\t\t\t Link zu OS-Plattform der EU \t\t\t\t\t\t  \t\t\t\t <\/p>\n<p>Die Europ\u00e4ische Kommission stellt eine Plattform f\u00fcr die au\u00dfergerichtliche Online-Streitbeilegung (OS-Plattform) bereit,   \t\tdie unter: ec.europa.eu\/consumers\/odr aufrufbar ist.   \t\tUnsere E-Mail-Adresse finden Sie in unserem Impressum. Wir sind weder verpflichtet noch bereit,   \t\tan dem Streitschlichtungsverfahren teilzunehmen.  \t<\/p>\n<p>                   \t  EXCLUSIVE MONTBLANC CUFFLINKS<br \/>MEN\u2019S URBAN-SPIRIT COLLECTION<br \/>BOUTONS DE MANCHETTE 114775  <\/p>\n<p class=\"MsoNormal\" style=\"TEXT-ALIGN: center; MARGIN: 0cm 0cm 12pt; LINE-HEIGHT: normal\" align=\"center\"><b><i>ORIGINAL<\/p>\n<p><\/i><\/b><b>Montblanc<br \/><\/b><b><i><br \/>MADE IN GERMANY<br \/><\/i><\/b><b><\/p>\n<p><\/b><b>URBAN SPIRIT COLLECTION<\/b><b><br \/><\/b><b><br \/><\/b><b><br \/><\/b><b>An elegant and timeless luxury,<\/p>\n<p>exclusive cufflinks the luxury<\/p>\n<p>brand Montblanc<\/b><b><br \/><\/b><\/p>\n<p>The Montblanc &#8211; Europe&#8217;s highest<\/p>\n<p>mountain. A place in its majestic shape<\/p>\n<p>to pause invites. His towering Size<\/p>\n<p>became the claim of the brand, his<\/p>\n<p>white summit star to the brand signet &#8211;<\/p>\n<p>and the name Montblanc epitomizes<\/p>\n<p>traditional craftsmanship, highest quality<\/p>\n<p>and timeless design. For 100 years now<br \/><b style=\"mso-bidi-font-weight: normal\"><\/p>\n<p><\/b><b style=\"mso-bidi-font-weight: normal\">Urban Spirit Collection<br \/><\/b><b style=\"mso-bidi-font-weight: normal\"><br \/><\/b><b><br \/>Urban Spirit cufflinks are a reflection<\/b><\/p>\n<p class=\"MsoNormal\" style=\"TEXT-ALIGN: center; MARGIN: 0cm 0cm 12pt; LINE-HEIGHT: normal\" align=\"center\"><b>of their time. Made of stainless steel<\/b><\/p>\n<p class=\"MsoNormal\" style=\"TEXT-ALIGN: center; MARGIN: 0cm 0cm 12pt; LINE-HEIGHT: normal\" align=\"center\"><b>with the gilded elements, this staple<\/b><\/p>\n<p class=\"MsoNormal\" style=\"TEXT-ALIGN: center; MARGIN: 0cm 0cm 12pt; LINE-HEIGHT: normal\" align=\"center\"><b>proposes endless possibilities to<\/b><\/p>\n<p class=\"MsoNormal\" style=\"TEXT-ALIGN: center; MARGIN: 0cm 0cm 12pt; LINE-HEIGHT: normal\" align=\"center\"><b>highlight one\u2019s style and personality.<\/b><b style=\"mso-bidi-font-weight: normal\"><br style=\"mso-special-character: line-break\"><br style=\"mso-special-character: line-break\"><\/b><\/p>\n<p class=\"MsoNormal\" style=\"TEXT-ALIGN: center; MARGIN: 0cm 12pt 8pt 35.25pt; LINE-HEIGHT: 12pt; TEXT-INDENT: -18pt; mso-margin-top-alt: auto; mso-margin-bottom-alt: auto; tab-stops: list 36.0pt\" align=\"center\"><b>MEN&#8217;S ACCESSORIES<\/b><b><\/b><\/p>\n<p class=\"MsoNormal\" style=\"TEXT-ALIGN: center; MARGIN: 0cm 12pt 8pt 35.25pt; LINE-HEIGHT: 12pt; TEXT-INDENT: -18pt; mso-margin-top-alt: auto; mso-margin-bottom-alt: auto; tab-stops: list 36.0pt\" align=\"center\"><b>Details that define the overall appearance<\/b><\/p>\n<p class=\"MsoNormal\" style=\"TEXT-ALIGN: center; MARGIN: 0cm 12pt 8pt 35.25pt; LINE-HEIGHT: 12pt; TEXT-INDENT: -18pt; mso-margin-top-alt: auto; mso-margin-bottom-alt: auto; tab-stops: list 36.0pt\" align=\"center\"><b>It is always the details that provide that<\/b><\/p>\n<p class=\"MsoNormal\" style=\"TEXT-ALIGN: center; MARGIN: 0cm 12pt 8pt 35.25pt; LINE-HEIGHT: 12pt; TEXT-INDENT: -18pt; mso-margin-top-alt: auto; mso-margin-bottom-alt: auto; tab-stops: list 36.0pt\" align=\"center\"><b>special something: they help express<\/b><\/p>\n<p class=\"MsoNormal\" style=\"TEXT-ALIGN: center; MARGIN: 0cm 12pt 8pt 35.25pt; LINE-HEIGHT: 12pt; TEXT-INDENT: -18pt; mso-margin-top-alt: auto; mso-margin-bottom-alt: auto; tab-stops: list 36.0pt\" align=\"center\"><b>individuality by raising objects and<\/b><\/p>\n<p class=\"MsoNormal\" style=\"TEXT-ALIGN: center; MARGIN: 0cm 12pt 8pt 35.25pt; LINE-HEIGHT: 12pt; TEXT-INDENT: -18pt; mso-margin-top-alt: auto; mso-margin-bottom-alt: auto; tab-stops: list 36.0pt\" align=\"center\"><b>personalities above the crowd. From<\/b><\/p>\n<p class=\"MsoNormal\" style=\"TEXT-ALIGN: center; MARGIN: 0cm 12pt 8pt 35.25pt; LINE-HEIGHT: 12pt; TEXT-INDENT: -18pt; mso-margin-top-alt: auto; mso-margin-bottom-alt: auto; tab-stops: list 36.0pt\" align=\"center\"><b>elegant cufflinks to urban bracelets, the<\/b><\/p>\n<p class=\"MsoNormal\" style=\"TEXT-ALIGN: center; MARGIN: 0cm 12pt 8pt 35.25pt; LINE-HEIGHT: 12pt; TEXT-INDENT: -18pt; mso-margin-top-alt: auto; mso-margin-bottom-alt: auto; tab-stops: list 36.0pt\" align=\"center\"><b>details have an impact by underscoring the<\/b><\/p>\n<p class=\"MsoNormal\" style=\"TEXT-ALIGN: center; MARGIN: 0cm 12pt 8pt 35.25pt; LINE-HEIGHT: 12pt; TEXT-INDENT: -18pt; mso-margin-top-alt: auto; mso-margin-bottom-alt: auto; tab-stops: list 36.0pt\" align=\"center\"><b>uniqueness of their owner. A well-chosen<\/b><\/p>\n<p class=\"MsoNormal\" style=\"TEXT-ALIGN: center; MARGIN: 0cm 12pt 8pt 35.25pt; LINE-HEIGHT: 12pt; TEXT-INDENT: -18pt; mso-margin-top-alt: auto; mso-margin-bottom-alt: auto; tab-stops: list 36.0pt\" align=\"center\"><b>accessory will always have the desired<\/b><\/p>\n<p class=\"MsoNormal\" style=\"TEXT-ALIGN: center; MARGIN: 0cm 12pt 8pt 35.25pt; LINE-HEIGHT: 12pt; TEXT-INDENT: -18pt; mso-margin-top-alt: auto; mso-margin-bottom-alt: auto; tab-stops: list 36.0pt\" align=\"center\"><b>effect \u2013 it can be a harmonious complement,<\/b><\/p>\n<p class=\"MsoNormal\" style=\"TEXT-ALIGN: center; MARGIN: 0cm 12pt 8pt 35.25pt; LINE-HEIGHT: 12pt; TEXT-INDENT: -18pt; mso-margin-top-alt: auto; mso-margin-bottom-alt: auto; tab-stops: list 36.0pt\" align=\"center\"><b>a clear contrast or a stylistic inconsistency.<\/b><\/p>\n<p class=\"MsoNormal\" style=\"TEXT-ALIGN: center; MARGIN: 0cm 12pt 8pt 35.25pt; LINE-HEIGHT: 12pt; TEXT-INDENT: -18pt; mso-margin-top-alt: auto; mso-margin-bottom-alt: auto; tab-stops: list 36.0pt\" align=\"center\"><b>&nbsp;<\/b><\/p>\n<p class=\"MsoNormal\" style=\"TEXT-ALIGN: center; MARGIN: 0cm 12pt 8pt 35.25pt; LINE-HEIGHT: 12pt; TEXT-INDENT: -18pt; mso-margin-top-alt: auto; mso-margin-bottom-alt: auto; tab-stops: list 36.0pt\" align=\"center\"><b>TOP-Condition, without BOX<\/b><\/p>\n<p>  \t      \t\tSCOPE OF DELIVERY  \t\t<\/p>\n<p>  The object will be delivered as pictured. Manuals, papers, certificate cards,   booklets and boxes are only included in the delivery if mentioned in the description or shown in the pictures.   The delivery includes only the goods without any decoration.  <\/p>\n<p>  \t    \t\tIMAGES  \t\t<\/p>\n<p>  All photos were taken by our photographer.   The use of the pictures published by us is forbidden without our permission.   Infringement is pursued legally.  <\/p>\n<p>  \t    \tPAYMENT  \t<\/p>\n<p>  We prefer bank transfer but also accept payments via PayPal. Our bank account is deposited on eBay and will be communicated immediately upon request.   For the fastest possible processing you can see our account details immediately after the offer end in the purchase processing or in the e-mail sent by eBay.   If you do not want to use the eBay purchase process, please send us an e-mail to get the account details.   We would like to ask you to pay the purchased item within 10 days.  <\/p>\n<p>  \t    \tSHIPPING WORLWIDE  \t<\/p>\n<p>  \tOf course, we also ship our items internationally.   \tThe shipping costs for your country can be found in the section &#8220;shipping costs&#8221; on eBay.   \tThere are several ways of shipping, for example:  \t\t<\/p>\n<p>    <i>&#8220;ECONOMY&#8221;<\/i> it is cost-effective but very slow, usually takes between 2 and 4 weeks (within EU faster)  <i>&#8220;NORMAL&#8221;<\/i> usually with DHL, it is also not quite fast and lasts between 1 and 3 weeks (within EU faster)   <i>&#8220;EXPRESS&#8221;<\/i> it is the fastest shipping variant, done with FEDEX or UPS, takes between 2 and 7 days and costs relatively expensive.   \t\t<\/p>\n<p>  You can request all details about the shipping (shipping options, shipping duration, etc.) for your country via email.  <\/p>\n<p>  \t    \t\tIMPORT TAX OUTSIDE EU  \t\t<\/p>\n<p>  For each country which do not belong to the european union you have to pay customs charges and taxes for the particular country you live.   The costs will not been taken by us and we are not allowed to give you any informations about the tariff walls.   Please ask about the customs charges and taxes before you decide to bid on our auctions.  <\/p>\n<p>  \t    \t\tABOUT US  \t\t<\/p>\n<p>  <b>VIP-Auktionen<\/b> (German spelling of VIP-Auctions) has been for many years a specialized company for the sale of luxury accessories,   high-quality writing instruments, classical watches and brand jewelry.   We are always trying to offer you interesting and rare objects.   In our shop you will find selected and valuable jewelry, exclusive watches, limited writing instruments, rare leather accessories at attractive prices.   We sell exclusively original and authentic branded items and collectors&#8217; items.   Our numerous customers have already confirmed this through their evaluations and customer satisfaction.  <\/p>\n<p>  \t    \t\tA PLUS OF SERVICE  \t\t<\/p>\n<p>  <b>VIP-Auktionen<\/b> &#8211; is a tested member with top ratings and offers you a high degree of professionalism and customer proximity.   This means, inter alia, tested service performance excellent buyer reviews fast delivery and professional communication.   Our evaluation profile is a barometer of customer satisfaction. We try to describe the item as exactly as possible.   If you are still dissatisfied with the first item please contact us, because for any problem there is a solution.  <\/p>\n<p>  \t    \t\tLINK TO \u201cOS PLATFORM\u201d OF THE EU  \t\t<\/p>\n<p>  The European Commission is providing a platform for out-of-court online dispute settlement (OS platform),   which can be accessed at: ec.europa.eu\/consumers\/odr.   Our e-mail address can be found in our legal info. We are neither obliged nor willing to participate in the dispute settlement process.  <\/p>\n<p>Haben Sie Fragen? Wir helfen Ihnen gerne weiter. Sie k\u00f6nnen das Ebay   \tKontaktformular nutzen. \t <\/p>\n<p>Do You have questions? We&#8217;re here to help. You can use the Ebay   \tcontact form \t <\/p>\n","protected":false},"excerpt":{"rendered":"<p>Willkommen bei VIP Auktionen Herzlich Willkommen bei VIP-AUKTIONEN. Besuchen Sie unseren Shop st\u00e4ndig interessante Angebote zu fairen Konditionen. Welcome to VIP-AUKTIONEN. Visit our shop constantly interesting offers at fair conditions. &nbsp; &nbsp; Kontakt Contact Shop MONTBLANC MANSCHETTENKN\u00d6PFEMEN\u2019S URBAN-SPIRIT COLLECTIONBOUTONS DE &hellip; <a class=\"kt-excerpt-readmore\" href=\"https:\/\/vip-auktionen.de\/en\/product\/montblanc-urban-spirit-gold-leaf-cufflinks-manschettenknoepfe-rare-tokyo-edition\/\" aria-label=\"MONTBLANC URBAN SPIRIT GOLD LEAF CUFFLINKS MANSCHETTENKN\u00d6PFE RARE TOKYO EDITION\">Read More<\/a><\/p>\n","protected":false},"featured_media":26639,"template":"","meta":{"kt_blocks_editor_width":""},"product_brand":[],"product_cat":[1828],"product_tag":[],"class_list":{"0":"post-26638","1":"product","2":"type-product","3":"status-publish","4":"has-post-thumbnail","6":"product_cat-sold","7":"product_shipping_class-1830","8":"pa_abteilung-unisex-erwachsene","9":"pa_anlass-geburtstag","10":"pa_anlass-hochzeit","11":"pa_anlass-jahrestag","12":"pa_anlass-valentinstag","13":"pa_anlass-vatertag","14":"pa_anlass-weihnachten","15":"pa_hauptsteinfarbe-gold","16":"pa_herstellernummer-1495","17":"pa_herstellungsland-und-region-deutschland","18":"pa_marke-montblanc","19":"pa_metall-edelstahl","20":"pa_produktart-manschettenknoepfe","22":"first","23":"outofstock","24":"shipping-taxable","25":"purchasable","26":"product-type-simple"},"jetpack_sharing_enabled":true,"_links":{"self":[{"href":"https:\/\/vip-auktionen.de\/en\/wp-json\/wp\/v2\/product\/26638","targetHints":{"allow":["GET"]}}],"collection":[{"href":"https:\/\/vip-auktionen.de\/en\/wp-json\/wp\/v2\/product"}],"about":[{"href":"https:\/\/vip-auktionen.de\/en\/wp-json\/wp\/v2\/types\/product"}],"wp:featuredmedia":[{"embeddable":true,"href":"https:\/\/vip-auktionen.de\/en\/wp-json\/wp\/v2\/media\/26639"}],"wp:attachment":[{"href":"https:\/\/vip-auktionen.de\/en\/wp-json\/wp\/v2\/media?parent=26638"}],"wp:term":[{"taxonomy":"product_brand","embeddable":true,"href":"https:\/\/vip-auktionen.de\/en\/wp-json\/wp\/v2\/product_brand?post=26638"},{"taxonomy":"product_cat","embeddable":true,"href":"https:\/\/vip-auktionen.de\/en\/wp-json\/wp\/v2\/product_cat?post=26638"},{"taxonomy":"product_tag","embeddable":true,"href":"https:\/\/vip-auktionen.de\/en\/wp-json\/wp\/v2\/product_tag?post=26638"}],"curies":[{"name":"wp","href":"https:\/\/api.w.org\/{rel}","templated":true}]}}