{"id":24072,"date":"2023-05-16T20:17:05","date_gmt":"2023-05-16T18:17:05","guid":{"rendered":"https:\/\/vip-auktionen.de\/product\/cartier-brillenetui-leder-etui-fuer-brille-lesebrille-reading-glasses-case-pouch\/"},"modified":"2025-09-05T17:11:00","modified_gmt":"2025-09-05T15:11:00","slug":"cartier-glasses-case-leather-case-for-glasses-reading-glasses-case-pouch","status":"publish","type":"product","link":"https:\/\/vip-auktionen.de\/en\/product\/cartier-glasses-case-leather-case-for-glasses-reading-glasses-case-pouch\/","title":{"rendered":"Case for CARTIER glasses, leather case for reading glasses"},"content":{"rendered":"Willkommen bei VIP Auktionen <b>Herzlich Willkommen bei VIP-AUKTIONEN. Besuchen Sie unseren Shop st\u00e4ndig interessante Angebote zu fairen Konditionen.<\/b> <b>Welcome to VIP-AUKTIONEN. Visit our shop constantly interesting offers at fair conditions.<\/b> \u00a0 \u00a0 <b>Kontakt<\/b> <b>Contact<\/b> <b>Shop<\/b> MUST DE CARTIER BRILLENETUI<\/p>\n<p>EDEL &amp; RAR \/ VINTAGE<\/p>\n<p class=\"MsoNormal\" style=\"text-align: center; margin: 0cm 0cm 10pt; mso-line-height-alt: 9.6pt;\" align=\"center\"><b>ORIGINAL<\/b><b><br \/>\n<\/b><b><i><br \/>\nMust<\/i><\/b><\/p>\n<p>de<br \/>\n<i><br \/>\n<\/i><i>Cartier<\/i><i><br \/>\n<\/i><b><i><\/i><\/b><\/p>\n<p><b><i>PARIS<\/i><\/b><b><i><br \/>\n<\/i><\/b><b><i><br \/>\n<\/i><\/b><b><br \/>\n<\/b><b>MUST DE CARTIER BRILLENETUI<br \/>\n<br style=\"mso-special-character: line-break;\" \/><br style=\"mso-special-character: line-break;\" \/><\/b><b><\/b><\/p>\n<p>Angeboten wird ein seltenes und<\/p>\n<p>exklusives Brillenetui von Cartier<\/p>\n<p>Die Eleganz und die Funktionalit\u00e4t<\/p>\n<p class=\"MsoNormal\" style=\"text-align: center; margin: 0cm 0cm 10pt; mso-line-height-alt: 9.6pt;\" align=\"center\"><b>dieses Brillenetuis machen ihn zu<\/b><\/p>\n<p class=\"MsoNormal\" style=\"text-align: center; margin: 0cm 0cm 10pt; mso-line-height-alt: 9.6pt;\" align=\"center\"><b>einem<\/b> <b>unentbehrlichen Begleiter.<\/b><\/p>\n<p class=\"MsoNormal\" style=\"text-align: center; margin: 0cm 0cm 10pt; mso-line-height-alt: 9.6pt;\" align=\"center\"><b>Must de Cartier \u2013 eine<\/b> <b>von Cartiers<\/b><\/p>\n<p class=\"MsoNormal\" style=\"text-align: center; margin: 0cm 0cm 10pt; mso-line-height-alt: 9.6pt;\" align=\"center\"><b>Lederwarenlinien mit<\/b> <b>Kultstatus.<\/b><\/p>\n<p class=\"MsoNormal\" style=\"text-align: center; margin: 0cm 0cm 10pt; mso-line-height-alt: 9.6pt;\" align=\"center\"><b>Eine elegante Kollektion mit klaren<\/b><\/p>\n<p class=\"MsoNormal\" style=\"text-align: center; margin: 0cm 0cm 10pt; mso-line-height-alt: 9.6pt;\" align=\"center\"><b>Linien und raffinierten Details.<\/b><\/p>\n<p class=\"MsoNormal\" style=\"text-align: center; margin: 0cm 0cm 10pt; mso-line-height-alt: 9.6pt;\" align=\"center\"><b><br \/>\n<\/b><b><br \/>\nDetails<br \/>\n<\/b><b><\/b><\/p>\n<p>Must de Cartier Brillenetui aus<\/p>\n<p>schwarzem und grauem Kunstleder,<\/p>\n<p>Textilfutter in hellgrau, silberfarben<br \/>\n<b><br \/>\ngepr\u00e4gte \u201eCartier\u201c Signatur.<br \/>\n<\/b><b><\/b><\/p>\n<p>Abmessungen:\u00a015,5 x 5 x 3 cm<br \/>\n<b><\/b><\/p>\n<p>Ein MUSS: Die Collection LES MUST<\/p>\n<p>entfach ein modernes<b> <\/b><b>Begehren und<\/b><\/p>\n<p>den Wunsch, sich dem Genuss willenlos<\/p>\n<p>hinzugeben &#8211; Genuss f\u00fcr sich und f\u00fcr andere<br \/>\n<b><\/b><\/p>\n<p>Zustand: Neu<br \/>\n<b><\/b><\/p>\n<p>Dieser Artikel unterliegt der<\/p>\n<p>Differenzbesteuerung. Daher wird die<\/p>\n<p>im Kaufpreis<b> <\/b><b>enthaltene Mehrwertsteuer in<\/b><\/p>\n<p>der Rechnung nicht gesondert ausgewiesen<\/p>\n<p>Lieferumfang<\/p>\n<p>Es wird genau das abgebildete Objekt mit dem abgebildeten Zubeh\u00f6r geliefert. Bedienungsanleitungen, Papiere, Revisionsnachweise, Uhren- oder Schmuckboxen sind nur dann im Lieferumfang enthalten, wenn sie in der Beschreibung genannt bzw. abgebildet sind.<\/p>\n<p>Bilder<\/p>\n<p>Alle Fotos wurden von unserem Fotograph aufgenommen. Die Verwendung der durch uns ver\u00f6ffentlichten Bilder ist ohne unsere Genehmigung untersagt. Unsere Bilder sind sichtbar und unsichtbar gekennzeichnet. Zuwiderhandlung wird rechtlich verfolgt.<\/p>\n<p>\u00dcber uns<\/p>\n<p><b>VIP-Auktionen<\/b> ist seit vielen Jahren ein spezialisiertes Unternehmen f\u00fcr den Verkauf von Luxusaccessoires, hochwertigen Schreibger\u00e4ten, noblen Uhren und Markenschmuck. Wir versuchen Ihnen st\u00e4ndig interessante und seltene Objekte anzubieten. In unserem <b>Shop<\/b> finden Sie ausgesuchte und wertvolle Schmuckst\u00fccke, exklusive Uhren, limitierte Schreibger\u00e4te, seltene Lederaccessoires zu attraktiven Preisen. Wir verkaufen ausschlie\u00dflich originale und gepr\u00fcfte Markenartikel und Sammlerst\u00fccke. Unsere zahlreichen Kunden haben das durch Ihre Bewertungen und Kundentreue schon best\u00e4tigt.<\/p>\n<p>Ein Plus an Service<\/p>\n<p><b>VIP-Auktionen<\/b> &#8211; ist ein gepr\u00fcftes Mitglied mit Top-Bewertungen und bietet Ihnen ein hohes Ma\u00df an Professionalit\u00e4t und Kundenn\u00e4he. Das bedeutet u.a. gepr\u00fcfte Serviceleistung, exzellente K\u00e4uferbewertungen, schnelle Lieferung und professionelle Kommunikation. Unser Bewertungsprofil ist ein Barometer der Kundenzufriedenheit. Wir versuchen den angegebenen Artikel so genau wie m\u00f6glich zu beschreiben. Sollten Sie dennoch mit dem ersteigerten Artikel unzufrieden sein, kontaktieren Sie uns bitte, denn f\u00fcr jedes Problem gibt es eine L\u00f6sung.<\/p>\n<p>Ankauf \/ Inzahlungnahme \/ Tausch<\/p>\n<p>Sie haben besondere St\u00fccke die Sie in gute H\u00e4nde geben m\u00f6chten? Wir sind stets am Ankauf von hochwertigen Accessoires Uhren und Schmuck interessiert. Wir kaufen Einzelst\u00fccke sowie Ihre gesamte Sammlung. Wir bieten Ihnen auch eine Inzahlungnahme an. Scans digitale Fotos oder andere hilfreiche Informationen sind sehr willkommen.<\/p>\n<p>Lieferungs- und Zahlungsinformationen Bezahlung<\/p>\n<p>Wir bevorzugen Bank\u00fcberweisung, aber akzeptieren auch Zahlungen via PayPal. Unsere Bankverbindung ist bei Ebay hinterlegt und wird auf Anfrage umgehend mitgeteilt. F\u00fcr eine schnellstm\u00f6gliche Abwicklung, k\u00f6nnen Sie unsere Kontodaten sofort nach dem Angebotsende in der Kaufabwicklung, oder in der von eBay verschickten Abschluss-E-Mail einsehen. Wollen Sie die Kaufabwicklung von eBay nicht nutzen, schreiben Sie uns bitte eine E-Mail um die Kontodaten zu erfahren. Wir m\u00f6chten Sie bitten den gekauften Artikel innerhalb von 10 Tagen zu bezahlen.<\/p>\n<p>Lieferung<\/p>\n<p>Sofort nach Zahlungseingang liefern wir die Ware mit dem Paketdienst deutschlandweit innerhalb 1-3 Tagen. (Feiertage &amp; Wochenende ausgeschlossen). Bitte beachten Sie, dass eine \u00dcberweisung je nach Bankinstitut bis zu 2 Werktage dauern kann. Wir k\u00f6nnen erst dann den Versand steuern, wenn wir den Geldeingang verbucht haben. Hochwertige Ware befindet sich in einem gesicherten Lager, so dass sich der Versand um ca. 24 Stunden verz\u00f6gert.<\/p>\n<p>Besichtigung<\/p>\n<p>Da sich die Ware in sicherer Verwahrung befindet, ist eine Besichtigung ohne vorheriger Absprache nicht m\u00f6glich.<\/p>\n<p>Link zu OS-Plattform der EU<\/p>\n<p>Die Europ\u00e4ische Kommission stellt eine Plattform f\u00fcr die au\u00dfergerichtliche Online-Streitbeilegung (OS-Plattform) bereit, die unter: ec.europa.eu\/consumers\/odr aufrufbar ist. Unsere E-Mail-Adresse finden Sie in unserem Impressum. Wir sind weder verpflichtet noch bereit, an dem Streitschlichtungsverfahren teilzunehmen.<\/p>\n<p>MUST DE CARTIER<br \/>\nEYEGLASSES CASE<br \/>\nTRUE VINTAGE<\/p>\n<p class=\"MsoNormal\" style=\"text-align: center; margin: 0cm 0cm 12pt; mso-margin-top-alt: auto; mso-line-height-alt: 12.0pt;\" align=\"center\"><b><i>Must<\/i><\/b><\/p>\n<p>de<b><i><br \/>\n<\/i><\/b><i><br \/>\n<\/i><i>Cartier<\/i><i><br \/>\n<\/i><b><i><\/i><\/b><\/p>\n<p><b><i>PARIS<br \/>\n<\/i><\/b><b><\/b><\/p>\n<p>MUST DE CARTIER<\/p>\n<p class=\"MsoNormal\" style=\"text-align: center; margin: 0cm 0cm 12pt; line-height: 12pt; mso-margin-top-alt: auto;\" align=\"center\"><b>EYEGLASSES CASE<br \/>\n<\/b><b><\/b><\/p>\n<p>An elegant and timeless<\/p>\n<p>luxury, an exclusive case<\/p>\n<p>French Noble Brand Cartier<\/p>\n<p>Cartier has a wide range of elegant<\/p>\n<p>leather goods to offer you. Handbags,<\/p>\n<p>bags, wallets, small leather goods<\/p>\n<p>for men and women, leather belts<\/p>\n<p>and much more: the French watch and<\/p>\n<p>jewelry maker will surprise you with<\/p>\n<p>original, colorful creations that will add<\/p>\n<p>a sophisticated touch to your look.<br \/>\n<b><\/b><\/p>\n<p><b>Must de Cartier eyeglasses case,<\/b><b><\/b><\/p>\n<p class=\"MsoNormal\" style=\"text-align: center; margin: 0cm 0cm 12pt; line-height: 12pt; mso-margin-top-alt: auto;\" align=\"center\"><b>Dimensions:\u00a0 15,5 x 5 x 3 cm<\/b><b><br \/>\n<\/b><b><\/b><\/p>\n<p>Must de Cartier glasses case made<\/p>\n<p class=\"MsoNormal\" style=\"text-align: center; margin: 0cm 0cm 12pt; line-height: 12pt; mso-margin-top-alt: auto;\" align=\"center\"><b>of black and gray synthetic leather,<\/b><\/p>\n<p class=\"MsoNormal\" style=\"text-align: center; margin: 0cm 0cm 12pt; line-height: 12pt; mso-margin-top-alt: auto;\" align=\"center\"><b>textile lining in light gray, silver-colored<\/b><\/p>\n<p class=\"MsoNormal\" style=\"text-align: center; margin: 0cm 0cm 12pt; line-height: 12pt; mso-margin-top-alt: auto;\" align=\"center\"><b>embossed &#8220;Cartier&#8221; signature.<br \/>\n<\/b><b><br \/>\n<\/b><b><br style=\"mso-special-character: line-break;\" \/><br style=\"mso-special-character: line-break;\" \/><\/b><\/p>\n<p class=\"MsoNormal\" style=\"text-align: center; margin: 0cm;\" align=\"center\"><b>\u00a0<\/b><\/p>\n<p class=\"MsoNormal\" style=\"text-align: center; margin: 0cm;\" align=\"center\"><b>Condition: NEW<\/b><\/p>\n<p class=\"MsoNormal\" style=\"text-align: center; margin: 0cm;\" align=\"center\"><b>\u00a0<\/b><\/p>\n<p>SCOPE OF DELIVERY<\/p>\n<p>The object will be delivered as pictured. Manuals, papers, certificate cards, booklets and boxes are only included in the delivery if mentioned in the description or shown in the pictures. The delivery includes only the goods without any decoration.<\/p>\n<p>IMAGES<\/p>\n<p>All photos were taken by our photographer. The use of the pictures published by us is forbidden without our permission. Infringement is pursued legally.<\/p>\n<p>PAYMENT<\/p>\n<p>We prefer bank transfer but also accept payments via PayPal. Our bank account is deposited on eBay and will be communicated immediately upon request. For the fastest possible processing you can see our account details immediately after the offer end in the purchase processing or in the e-mail sent by eBay. If you do not want to use the eBay purchase process, please send us an e-mail to get the account details. We would like to ask you to pay the purchased item within 10 days.<\/p>\n<p>SHIPPING WORLWIDE<\/p>\n<p>Of course, we also ship our items internationally. The shipping costs for your country can be found in the section &#8220;shipping costs&#8221; on eBay. There are several ways of shipping, for example:<\/p>\n<p><i>&#8220;ECONOMY&#8221;<\/i> it is cost-effective but very slow, usually takes between 2 and 4 weeks (within EU faster) <i>&#8220;NORMAL&#8221;<\/i> usually with DHL, it is also not quite fast and lasts between 1 and 3 weeks (within EU faster) <i>&#8220;EXPRESS&#8221;<\/i> it is the fastest shipping variant, done with FEDEX or UPS, takes between 2 and 7 days and costs relatively expensive.<\/p>\n<p>You can request all details about the shipping (shipping options, shipping duration, etc.) for your country via email.<\/p>\n<p>IMPORT TAX OUTSIDE EU<\/p>\n<p>For each country which do not belong to the european union you have to pay customs charges and taxes for the particular country you live. The costs will not been taken by us and we are not allowed to give you any informations about the tariff walls. Please ask about the customs charges and taxes before you decide to bid on our auctions.<\/p>\n<p>ABOUT US<\/p>\n<p><b>VIP-Auktionen<\/b> (German spelling of VIP-Auctions) has been for many years a specialized company for the sale of luxury accessories, high-quality writing instruments, classical watches and brand jewelry. We are always trying to offer you interesting and rare objects. In our shop you will find selected and valuable jewelry, exclusive watches, limited writing instruments, rare leather accessories at attractive prices. We sell exclusively original and authentic branded items and collectors&#8217; items. Our numerous customers have already confirmed this through their evaluations and customer satisfaction.<\/p>\n<p>A PLUS OF SERVICE<\/p>\n<p><b>VIP-Auktionen<\/b> &#8211; is a tested member with top ratings and offers you a high degree of professionalism and customer proximity. This means, inter alia, tested service performance excellent buyer reviews fast delivery and professional communication. Our evaluation profile is a barometer of customer satisfaction. We try to describe the item as exactly as possible. If you are still dissatisfied with the first item please contact us, because for any problem there is a solution.<\/p>\n<p>LINK TO \u201cOS PLATFORM\u201d OF THE EU<\/p>\n<p>The European Commission is providing a platform for out-of-court online dispute settlement (OS platform), which can be accessed at: ec.europa.eu\/consumers\/odr. Our e-mail address can be found in our legal info. We are neither obliged nor willing to participate in the dispute settlement process.<\/p>\n<p>Haben Sie Fragen? Wir helfen Ihnen gerne weiter. Sie k\u00f6nnen das Ebay Kontaktformular nutzen.<\/p>\n<p>Do You have questions? We&#8217;re here to help. You can use the Ebay contact form","protected":false},"excerpt":{"rendered":"<p>Willkommen bei VIP Auktionen Herzlich Willkommen bei VIP-AUKTIONEN. Besuchen Sie unseren Shop st\u00e4ndig interessante Angebote zu fairen Konditionen. Welcome to VIP-AUKTIONEN. Visit our shop constantly interesting offers at fair conditions. \u00a0 \u00a0 Kontakt Contact Shop MUST DE CARTIER BRILLENETUI EDEL &hellip; <a class=\"kt-excerpt-readmore\" href=\"https:\/\/vip-auktionen.de\/en\/product\/cartier-glasses-case-leather-case-for-glasses-reading-glasses-case-pouch\/\" aria-label=\"Case for CARTIER glasses, leather case for reading glasses\">Read More<\/a><\/p>\n","protected":false},"featured_media":27887,"template":"","meta":{"kt_blocks_editor_width":""},"product_brand":[],"product_cat":[1828],"product_tag":[],"class_list":{"0":"post-24072","1":"product","2":"type-product","3":"status-publish","4":"has-post-thumbnail","6":"product_cat-sold","7":"product_shipping_class-1830","8":"pa_abteilung-unisex","9":"pa_besonderheiten-klein","10":"pa_farbe-grau","11":"pa_marke-cartier","12":"pa_material-kunstleder","13":"pa_produktart-brillenetui","14":"pa_thema-designer","16":"first","17":"outofstock","18":"shipping-taxable","19":"purchasable","20":"product-type-simple"},"jetpack_sharing_enabled":true,"_links":{"self":[{"href":"https:\/\/vip-auktionen.de\/en\/wp-json\/wp\/v2\/product\/24072","targetHints":{"allow":["GET"]}}],"collection":[{"href":"https:\/\/vip-auktionen.de\/en\/wp-json\/wp\/v2\/product"}],"about":[{"href":"https:\/\/vip-auktionen.de\/en\/wp-json\/wp\/v2\/types\/product"}],"wp:featuredmedia":[{"embeddable":true,"href":"https:\/\/vip-auktionen.de\/en\/wp-json\/wp\/v2\/media\/27887"}],"wp:attachment":[{"href":"https:\/\/vip-auktionen.de\/en\/wp-json\/wp\/v2\/media?parent=24072"}],"wp:term":[{"taxonomy":"product_brand","embeddable":true,"href":"https:\/\/vip-auktionen.de\/en\/wp-json\/wp\/v2\/product_brand?post=24072"},{"taxonomy":"product_cat","embeddable":true,"href":"https:\/\/vip-auktionen.de\/en\/wp-json\/wp\/v2\/product_cat?post=24072"},{"taxonomy":"product_tag","embeddable":true,"href":"https:\/\/vip-auktionen.de\/en\/wp-json\/wp\/v2\/product_tag?post=24072"}],"curies":[{"name":"wp","href":"https:\/\/api.w.org\/{rel}","templated":true}]}}