{"id":48,"date":"2020-02-09T21:31:01","date_gmt":"2020-02-09T21:31:01","guid":{"rendered":"http:\/\/vip-auktionen.de\/terms\/"},"modified":"2025-11-22T17:40:48","modified_gmt":"2025-11-22T16:40:48","slug":"terms","status":"publish","type":"page","link":"https:\/\/vip-auktionen.de\/en\/terms\/","title":{"rendered":"General terms and conditions of business"},"content":{"rendered":"General terms and conditions<br \/>\n1. Scope<br \/>\n2. Contractual partner, formation of contract, options for corrections 3. Contract language, saving of the contract text<br \/>\n4. Delivery conditions<br \/>\n5. Payment<br \/>\n6. Right to cancel<br \/>\n7. Retention of title<br \/>\n8. Damage during delivery<br \/>\n9. Warranty and guarantees<br \/>\n10. Liability<br \/>\n11. Dispute resolution<br \/>\n12. Final provisions<\/p>\n<h3>\n1. Scope<\/h3>\n<p>The following Terms and Conditions (Terms) apply to all orders placed via our online shop.<br \/>\nThese Terms also apply to businesses for future commercial relations without the need for any formal expression thereof. Unless expressly approved by us to the contrary, we cannot accept the contractual validity of any conflicting or complementary general terms and conditions used by any business.<\/p>\n<h3>2. Contractual partner, formation of contract, options for corrections<\/h3>\n<p>The contract is concluded with VIP-AUKTIONEN (Inhaber: Oleg Garbuz).<br \/>\nBy placing the products in the online shop, we make a binding offer on our part to enter into a contract regarding those items. You may place our products in the shopping basket without obligation and amend your entries at any time prior to submitting your binding order by using the correction facilities that are provided for this purpose and explained during the ordering process. The contract is formed by clicking on the order button which indicates your acceptance of our offer concerning the products contained in the shopping basket. Once you have sent your order you will immediately receive a confirmation via e-mail.<\/p>\n<h3>3. Contract language, saving of the contract text<\/h3>\n<p>The language(s) available for concluding the contract: German, English<br \/>\nWe save the text of the contract and forward the order data and our Terms and Conditions to you on a durable medium. For security reasons, the text of the contract cannot be accessed via the internet.<\/p>\n<h3>4. Delivery conditions<\/h3>\n<p>Delivery costs<br \/>\nDelivery costs may apply to the product prices displayed. Further information on delivery costs, if applicable, are explained within individual product offers.<br \/>\nDelivery options<br \/>\nWe ship the products to the delivery address specified in the order process. We only dispatch goods en route; pick up by the customer is not possible.<\/p>\n<h3>5. Payment<\/h3>\n<p>The following payment methods are basically available in our online shop.<br \/>\nAdvance payment<br \/>\nIf you select advance payment we provide you with our bank details in a separate e mail and deliver the goods on receipt of funds.<br \/>\nPayPal, PayPal Express<br \/>\nIn order to pay the invoice amount via the payment service provider PayPal (Europe) S.\u00e0 r.l. et Cie, S.C.A, 22-24 Boulevard Royal, L-2449 Luxembourg (&#8220;PayPal&#8221;), you must be registered with PayPal, legitimise yourself with your access data and confirm the payment instruction. The payment transaction will be processed by PayPal after placing the order. You will receive further instructions during the ordering process.<br \/>\nPayPal may offer registered PayPal customers further payment modalities in the customer account selected according to its own criteria. However, we have no influence on the offering of these modalities; further individually offered payment modalities affect your legal relationship with PayPal. You can find more information on this in your PayPal account.<br \/>\nPayPal<br \/>\nIn cooperation with the payment service provider PayPal (Europe) S.\u00e0 r.l. et Cie, S.C.A, 22-24 Boulevard Royal, L-2449 Luxembourg (&#8220;PayPal&#8221;), we offer you the following payment options as PayPal services. Unless otherwise specified below, payment via<br \/>\nPayPal does not require registration with PayPal. You will find further information within the respective payment option and in the ordering process.<br \/>\nPayPal, PayPal Express<br \/>\nIn order to be able to pay the invoice amount via the PayPal payment option, you must be registered with PayPal, legitimise yourself with your access data and confirm the payment instruction. The payment transaction will be processed by PayPal immediately after placing the order.<br \/>\nPayPal may offer registered PayPal customers further payment modalities in the customer account selected according to its own criteria. However, we have no influence on the offering of these modalities; further individually offered payment modalities affect your legal relationship with PayPal. You can find more information on this in your PayPal account.<br \/>\nCredit card via PayPal<br \/>\nYour card will be charged by PayPal after the goods have been sent out.<br \/>\nDirect debit via PayPal<br \/>\nPrecondition for payment by direct debit via PayPal is an address and credit check, the payment is made directly to PayPal. By confirming the payment instruction, you grant PayPal a direct debit mandate. You will be informed by PayPal about the date your account is charged (so-called prenotification). The account will be charged before the goods are sent out.<br \/>\nInvoice payment via PayPal<br \/>\nPrecondition for the invoice payment via PayPal is an address and credit check, the payment is made directly to PayPal.<br \/>\nInvoice payment via PayPal and Ratepay<br \/>\nPrecondition for the invoice payment via PayPal is an address and credit check, the payment is made directly to Ratepay GmbH, Franklinstra\u00dfe 28-29, 10587 Berlin (\u201eRatepay\u201c).<\/p>\n<h3>6. Right to cancel<\/h3>\n<p>Consumers are entitled to the statutory right to cancel, as described in the instructions on the right to cancel. Businesses are not granted any voluntary right to cancel.<\/p>\n<h3>7. Retention of title<\/h3>\n<p>The products shall remain our property until full payment is made. For businesses, the following applies additionally: We reserve ownership of the<br \/>\nproducts until complete settlement of all claims arising from a current business relationship. You may resell reserved goods in ordinary business operations; you shall assign any claims arising from this resale \u2013 irrespective of connecting or mixing of the reserved goods with a new item &#8211; in the amount of the invoice amount to us in advance, and we accept this assignment. You remain authorised to collect the claims; however, we may likewise collect the claims ourselves, should you fail to fulfil your payment obligations. We shall release the securities to which we are entitled at your request to the extent that the realisable value of the securities exceeds the value of the open claims by more than 10%.<\/p>\n<h3>8. Damage during delivery<\/h3>\n<p>For consumer the following applies: If the goods are delivered with obvious damage caused during delivery, please report the defect to the carrier and notify us without delay. Failure to make a complaint or to make contact does not in any way affect your legal rights or the enforcement of such rights, notably your warranty rights. However, in doing so you help us to assert our own claims against the carrier or transport insurer.<br \/>\nApplicable to businesses: The risks of accidental loss or deterioration of the goods will transfer to you once we have submitted the item to the haulier, carrier or other contractor for forwarding to the defined person or establishment.<\/p>\n<h3>9. Warranty and guarantees<\/h3>\n<p><strong>9.1 Liability for defects<\/strong><br \/>\nWe are under a legal duty to supply products that are in conformity with this contract.<br \/>\nUnless expressly agreed otherwise below, the statutory guarantee provisions (liability for defects) shall apply. With respect to consumers, the staturory guarantee provisions of the country of their respective habitual residence shall apply.<br \/>\nThe following limitations and reductions of time periods with respect to businesses\/merchants shall not apply to claims based on damage caused by us, our legal representatives or vicarious agents<br \/>\nin the event of injury to life, limb or health<br \/>\nin case of intentional or grossly negligent breach of duty as well as fraudulent intent<br \/>\nin the event of a breach of essential contractual obligations, the fulfilment of which is a prerequisite for the proper performance of the contract and on the<br \/>\nobservance of which the contractual partner may regularly rely (cardinal obligations)<br \/>\nwithin the scope of a voluntary guarantee, if agreed, or<br \/>\nwithin the scope of application of the Product Liability Act<br \/>\n(Produkthaftungsgesetz).<br \/>\nRestrictions in relation to businesses<br \/>\nIn relation to businesses, only our own specifications and the manufacturer&#8217;s product descriptions included in the contract shall be deemed to be an agreement on the quality of the goods; we shall not accept any liability for public statements made by the manufacturer or other advertising statements. For businesses, the limitation period for claims for defects in newly manufactured goods is one year from the transfer of risk. The previous sentence does not apply to an item that has been used for a building in accordance with its customary use and has caused the building to be defective. The sale of used goods is subject to the exclusion of any warranty. The statutory limitation periods for the right of recourse according to \u00a7 445a BGB (German Civil Code) remain unaffected.<br \/>\nNote to merchants (&#8220;Kaufleute&#8221; in accordance with HGB &#8211; German Commercial Code)<br \/>\nAmong merchants (&#8220;Kaufleute&#8221;), the obligation to examine and give notice of defects regulated in \u00a7 377 HGB (German Commercial Code) shall apply. If you fail to give notice as regulated therein, the goods shall be deemed to have been approved, unless the defect was not recognisable during the inspection. This does not apply if we have fraudulently concealed a defect.<br \/>\nComplaints and return of goods<br \/>\nComplaints can be submitted by consumers and businesses to our contact details given in the supplier identification.<br \/>\nWhen you exercise your warranty rights and we deem it necessary to receive the goods back in order to examine your complaint, you must send back the goods at our cost to the address provided for this purpose. We are committed to respond to any complaint immediately, but no later than within 14 days of its submission.<br \/>\n<strong>9.2 Guarantees and customer service<\/strong><br \/>\nInformation on any additional voluntary guarantees that may apply and their exact conditions can be found with the product and on special information pages in the online shop, if applicable.<\/p>\n<h3>10. Liability<\/h3>\n<p>We shall in any case be liable without limitation for claims due to damages that have been caused by us, our legal representatives or legal agents<br \/>\n\u2022 for injury to life, limb or health<br \/>\n\u2022 for deliberate or grossly negligent breach of duty<br \/>\n\u2022 for guarantee commitments, where agreed<br \/>\n\u2022 towards consumer.<br \/>\nExcept these cases, our civil law liability is limited to the foreseeable and direct damages at the time of contract conclusion.<\/p>\n<h3>11. Dispute resolution<\/h3>\n<p>In order to settle disputes arising from a contractual relationship with a consumer or from whether such a contractual relationship exists at all, we are willing to participate in dispute settlement proceedings before a consumer dispute resolution body. Universalschlichtungsstelle des Bundes am Zentrum f\u00fcr Schlichtung e.V. is responsible for providing you with information and referring you to the appropriate entity for alternative dispute resolution.<br \/>\nUniversalschlichtungsstelle des Bundes am Zentrum f\u00fcr Schlichtung e.V. Stra\u00dfburger Stra\u00dfe 8<br \/>\n77694 Kehl am Rhein<br \/>\nGermany<br \/>\nmail@universalschlichtungsstelle.de<\/p>\n<h3>12. Final provisions<\/h3>\n<p>If you are a business, German law applies, to the exclusion of the UN Sales Convention.","protected":false},"excerpt":{"rendered":"<p>General terms and conditions 1. Scope 2. Contractual partner, formation of contract, options for corrections 3. Contract language, saving of the contract text 4. Delivery conditions 5. Payment 6. Right to cancel 7. Retention of title 8. Damage during delivery &hellip; <a class=\"kt-excerpt-readmore\" href=\"https:\/\/vip-auktionen.de\/en\/terms\/\" aria-label=\"General terms and conditions of business\">Read More<\/a><\/p>\n","protected":false},"author":1,"featured_media":0,"parent":0,"menu_order":0,"comment_status":"closed","ping_status":"closed","template":"","meta":{"kt_blocks_editor_width":"","footnotes":""},"class_list":["post-48","page","type-page","status-publish","hentry"],"jetpack_sharing_enabled":true,"_links":{"self":[{"href":"https:\/\/vip-auktionen.de\/en\/wp-json\/wp\/v2\/pages\/48","targetHints":{"allow":["GET"]}}],"collection":[{"href":"https:\/\/vip-auktionen.de\/en\/wp-json\/wp\/v2\/pages"}],"about":[{"href":"https:\/\/vip-auktionen.de\/en\/wp-json\/wp\/v2\/types\/page"}],"author":[{"embeddable":true,"href":"https:\/\/vip-auktionen.de\/en\/wp-json\/wp\/v2\/users\/1"}],"replies":[{"embeddable":true,"href":"https:\/\/vip-auktionen.de\/en\/wp-json\/wp\/v2\/comments?post=48"}],"version-history":[{"count":10,"href":"https:\/\/vip-auktionen.de\/en\/wp-json\/wp\/v2\/pages\/48\/revisions"}],"predecessor-version":[{"id":33825,"href":"https:\/\/vip-auktionen.de\/en\/wp-json\/wp\/v2\/pages\/48\/revisions\/33825"}],"wp:attachment":[{"href":"https:\/\/vip-auktionen.de\/en\/wp-json\/wp\/v2\/media?parent=48"}],"curies":[{"name":"wp","href":"https:\/\/api.w.org\/{rel}","templated":true}]}}